{"id":53,"date":"2022-02-25T11:57:23","date_gmt":"2022-02-25T14:57:23","guid":{"rendered":"http:\/\/teatrosbarrapoint.com.br\/?page_id=53"},"modified":"2022-08-01T15:40:33","modified_gmt":"2022-08-01T18:40:33","slug":"programacao","status":"publish","type":"page","link":"https:\/\/grupoteatrosdabarra.com.br\/?page_id=53","title":{"rendered":"I Festival Provoca\u00e7\u00f5es"},"content":{"rendered":"\t\t<div data-elementor-type=\"wp-page\" data-elementor-id=\"53\" class=\"elementor elementor-53\">\n\t\t\t\t\t\t<section class=\"elementor-section elementor-top-section elementor-element elementor-element-9c9733d elementor-section-boxed elementor-section-height-default elementor-section-height-default\" data-id=\"9c9733d\" data-element_type=\"section\" data-e-type=\"section\">\n\t\t\t\t\t\t<div class=\"elementor-container elementor-column-gap-default\">\n\t\t\t\t\t<div class=\"elementor-column elementor-col-100 elementor-top-column elementor-element elementor-element-1617f24\" data-id=\"1617f24\" data-element_type=\"column\" data-e-type=\"column\">\n\t\t\t<div class=\"elementor-widget-wrap elementor-element-populated\">\n\t\t\t\t\t\t<div class=\"elementor-element elementor-element-aeec7fd elementor-widget elementor-widget-heading\" data-id=\"aeec7fd\" data-element_type=\"widget\" data-e-type=\"widget\" data-widget_type=\"heading.default\">\n\t\t\t\t<div class=\"elementor-widget-container\">\n\t\t\t\t\t<h2 class=\"elementor-heading-title elementor-size-default\">Eventos<\/h2>\t\t\t\t<\/div>\n\t\t\t\t<\/div>\n\t\t\t\t\t<\/div>\n\t\t<\/div>\n\t\t\t\t\t<\/div>\n\t\t<\/section>\n\t\t\t\t<section class=\"elementor-section elementor-top-section elementor-element elementor-element-d071ca8 elementor-section-boxed elementor-section-height-default elementor-section-height-default\" data-id=\"d071ca8\" data-element_type=\"section\" data-e-type=\"section\">\n\t\t\t\t\t\t<div class=\"elementor-container elementor-column-gap-default\">\n\t\t\t\t\t<div class=\"elementor-column elementor-col-100 elementor-top-column elementor-element elementor-element-87f5ef0\" data-id=\"87f5ef0\" data-element_type=\"column\" data-e-type=\"column\">\n\t\t\t<div class=\"elementor-widget-wrap elementor-element-populated\">\n\t\t\t\t\t\t<div class=\"elementor-element elementor-element-6a4ab20 elementor-widget elementor-widget-heading\" data-id=\"6a4ab20\" data-element_type=\"widget\" data-e-type=\"widget\" data-widget_type=\"heading.default\">\n\t\t\t\t<div class=\"elementor-widget-container\">\n\t\t\t\t\t<h5 class=\"elementor-heading-title elementor-size-default\">1\u00ba FESTIVAL PROVOCA\u00c7\u00d5ES<\/h5>\t\t\t\t<\/div>\n\t\t\t\t<\/div>\n\t\t\t\t<div class=\"elementor-element elementor-element-ac62223 elementor-widget elementor-widget-text-editor\" data-id=\"ac62223\" data-element_type=\"widget\" data-e-type=\"widget\" data-widget_type=\"text-editor.default\">\n\t\t\t\t<div class=\"elementor-widget-container\">\n\t\t\t\t\t\t\t\t\t<p>PREMIADOS<\/p>\t\t\t\t\t\t\t\t<\/div>\n\t\t\t\t<\/div>\n\t\t\t\t\t<\/div>\n\t\t<\/div>\n\t\t\t\t\t<\/div>\n\t\t<\/section>\n\t\t\t\t<section class=\"elementor-section elementor-top-section elementor-element elementor-element-f6ff4d6 elementor-section-boxed elementor-section-height-default elementor-section-height-default\" data-id=\"f6ff4d6\" data-element_type=\"section\" data-e-type=\"section\">\n\t\t\t\t\t\t<div class=\"elementor-container elementor-column-gap-default\">\n\t\t\t\t\t<div class=\"elementor-column elementor-col-100 elementor-top-column elementor-element elementor-element-51d49ac\" data-id=\"51d49ac\" data-element_type=\"column\" data-e-type=\"column\">\n\t\t\t<div class=\"elementor-widget-wrap elementor-element-populated\">\n\t\t\t\t\t\t<section class=\"elementor-section elementor-inner-section elementor-element elementor-element-5a6f65e elementor-section-boxed elementor-section-height-default elementor-section-height-default\" data-id=\"5a6f65e\" data-element_type=\"section\" data-e-type=\"section\">\n\t\t\t\t\t\t<div class=\"elementor-container elementor-column-gap-default\">\n\t\t\t\t\t<div class=\"elementor-column elementor-col-50 elementor-inner-column elementor-element elementor-element-848dc05\" data-id=\"848dc05\" data-element_type=\"column\" data-e-type=\"column\">\n\t\t\t<div class=\"elementor-widget-wrap elementor-element-populated\">\n\t\t\t\t\t\t<div class=\"elementor-element elementor-element-52b25dc elementor-widget elementor-widget-text-editor\" data-id=\"52b25dc\" data-element_type=\"widget\" data-e-type=\"widget\" data-widget_type=\"text-editor.default\">\n\t\t\t\t<div class=\"elementor-widget-container\">\n\t\t\t\t\t\t\t\t\t<p><strong>\u25aa\ufe0fMelhor sonoplastia:<br \/><\/strong>\ud83c\udfad OS MIST\u00c9RIOS DA FLORESTA @pipocando.ideias<\/p><p><strong>\u25aa\ufe0fMelhor ilumina\u00e7\u00e3o:<br \/><\/strong>\ud83c\udfad O BASTARDO @vinniciusveloso<\/p><p><strong>\u25aa\ufe0fMelhor ator:<br \/><\/strong>AKAU\u00c3 SANTOS E C\u00c1SSIO DUQUE<br \/>\ud83c\udfad Dois homens e um Dinheiro @ineptacia_<\/p><p><strong>\u25aa\ufe0fMelhor atriz:<br \/><\/strong>ISABELA FALEIRO<br \/>\ud83c\udfad Deslembran\u00e7a @coletivorasga<\/p>\t\t\t\t\t\t\t\t<\/div>\n\t\t\t\t<\/div>\n\t\t\t\t\t<\/div>\n\t\t<\/div>\n\t\t\t\t<div class=\"elementor-column elementor-col-50 elementor-inner-column elementor-element elementor-element-0a174ba\" data-id=\"0a174ba\" data-element_type=\"column\" data-e-type=\"column\">\n\t\t\t<div class=\"elementor-widget-wrap elementor-element-populated\">\n\t\t\t\t\t\t<div class=\"elementor-element elementor-element-98b6426 elementor-widget elementor-widget-text-editor\" data-id=\"98b6426\" data-element_type=\"widget\" data-e-type=\"widget\" data-widget_type=\"text-editor.default\">\n\t\t\t\t<div class=\"elementor-widget-container\">\n\t\t\t\t\t\t\t\t\t<p><strong>\u25aa\ufe0fMelhor dire\u00e7\u00e3o:<br \/><\/strong>JAILTON MAIA<br \/>\ud83c\udfad Geni @expressartoficial<\/p><p><strong>\u25aa\ufe0fMelhores Esquetes:<br \/><\/strong>\ud83c\udfad DESLEMBRAN\u00c7A @coletivorasga<br \/>\ud83c\udfad DOIS HOMENS E UM DINHEIRO @ineptacia_<br \/>\ud83c\udfad GENI @expressartoficial<\/p><p><strong>\u25aa\ufe0fRevela\u00e7\u00e3o 1<\/strong><br \/>&#8220;Pr\u00eamio especial J\u00fari Melhor Torcida&#8221; &#8211; @expressartoficial<\/p><p><strong>\u25aa\ufe0fRevela\u00e7\u00e3o 2<\/strong><br \/>&#8220;Pr\u00eamio Especial TB Melhor Coletividade&#8221; &#8211; @coletivorasga<\/p>\t\t\t\t\t\t\t\t<\/div>\n\t\t\t\t<\/div>\n\t\t\t\t\t<\/div>\n\t\t<\/div>\n\t\t\t\t\t<\/div>\n\t\t<\/section>\n\t\t\t\t\t<\/div>\n\t\t<\/div>\n\t\t\t\t\t<\/div>\n\t\t<\/section>\n\t\t\t\t<section class=\"elementor-section elementor-top-section elementor-element elementor-element-c46f0ee elementor-section-boxed elementor-section-height-default elementor-section-height-default\" data-id=\"c46f0ee\" data-element_type=\"section\" data-e-type=\"section\">\n\t\t\t\t\t\t<div class=\"elementor-container elementor-column-gap-default\">\n\t\t\t\t\t<div class=\"elementor-column elementor-col-100 elementor-top-column elementor-element elementor-element-8fb971c\" data-id=\"8fb971c\" data-element_type=\"column\" data-e-type=\"column\">\n\t\t\t<div class=\"elementor-widget-wrap elementor-element-populated\">\n\t\t\t\t\t\t<div class=\"elementor-element elementor-element-d3cdbd3 elementor-arrows-position-inside elementor-pagination-position-outside elementor-widget elementor-widget-image-carousel\" data-id=\"d3cdbd3\" data-element_type=\"widget\" data-e-type=\"widget\" data-settings=\"{&quot;navigation&quot;:&quot;both&quot;,&quot;autoplay&quot;:&quot;yes&quot;,&quot;pause_on_hover&quot;:&quot;yes&quot;,&quot;pause_on_interaction&quot;:&quot;yes&quot;,&quot;autoplay_speed&quot;:5000,&quot;infinite&quot;:&quot;yes&quot;,&quot;speed&quot;:500}\" data-widget_type=\"image-carousel.default\">\n\t\t\t\t<div class=\"elementor-widget-container\">\n\t\t\t\t\t\t\t<div class=\"elementor-image-carousel-wrapper swiper\" role=\"region\" aria-roledescription=\"carousel\" aria-label=\"Carrossel de imagens\" dir=\"ltr\">\n\t\t\t<div class=\"elementor-image-carousel swiper-wrapper\" aria-live=\"off\">\n\t\t\t\t\t\t\t\t<div class=\"swiper-slide\" role=\"group\" aria-roledescription=\"slide\" aria-label=\"1 de 7\"><figure class=\"swiper-slide-inner\"><img decoding=\"async\" class=\"swiper-slide-image\" src=\"https:\/\/grupoteatrosdabarra.com.br\/wp-content\/uploads\/2022\/06\/WhatsApp-Image-2022-06-14-at-16.18.44-3-768x960.jpeg\" alt=\"WhatsApp Image 2022-06-14 at 16.18.44 (3)\" \/><\/figure><\/div><div class=\"swiper-slide\" role=\"group\" aria-roledescription=\"slide\" aria-label=\"2 de 7\"><figure class=\"swiper-slide-inner\"><img decoding=\"async\" class=\"swiper-slide-image\" src=\"https:\/\/grupoteatrosdabarra.com.br\/wp-content\/uploads\/2022\/06\/WhatsApp-Image-2022-06-14-at-16.18.44-4-768x960.jpeg\" alt=\"WhatsApp Image 2022-06-14 at 16.18.44 (4)\" \/><\/figure><\/div><div class=\"swiper-slide\" role=\"group\" aria-roledescription=\"slide\" aria-label=\"3 de 7\"><figure class=\"swiper-slide-inner\"><img decoding=\"async\" class=\"swiper-slide-image\" src=\"https:\/\/grupoteatrosdabarra.com.br\/wp-content\/uploads\/2022\/06\/WhatsApp-Image-2022-06-14-at-16.18.44-2-768x960.jpeg\" alt=\"WhatsApp Image 2022-06-14 at 16.18.44 (2)\" \/><\/figure><\/div><div class=\"swiper-slide\" role=\"group\" aria-roledescription=\"slide\" aria-label=\"4 de 7\"><figure class=\"swiper-slide-inner\"><img decoding=\"async\" class=\"swiper-slide-image\" src=\"https:\/\/grupoteatrosdabarra.com.br\/wp-content\/uploads\/2022\/06\/WhatsApp-Image-2022-06-14-at-16.18.44-1-768x959.jpeg\" alt=\"WhatsApp Image 2022-06-14 at 16.18.44 (1)\" \/><\/figure><\/div><div class=\"swiper-slide\" role=\"group\" aria-roledescription=\"slide\" aria-label=\"5 de 7\"><figure class=\"swiper-slide-inner\"><img decoding=\"async\" class=\"swiper-slide-image\" src=\"https:\/\/grupoteatrosdabarra.com.br\/wp-content\/uploads\/2022\/06\/WhatsApp-Image-2022-06-14-at-16.18.44-768x960.jpeg\" alt=\"WhatsApp Image 2022-06-14 at 16.18.44\" \/><\/figure><\/div><div class=\"swiper-slide\" role=\"group\" aria-roledescription=\"slide\" aria-label=\"6 de 7\"><figure class=\"swiper-slide-inner\"><img decoding=\"async\" class=\"swiper-slide-image\" src=\"https:\/\/grupoteatrosdabarra.com.br\/wp-content\/uploads\/2022\/06\/WhatsApp-Image-2022-06-14-at-16.18.43-1-2-768x960.jpeg\" alt=\"WhatsApp Image 2022-06-14 at 16.18.43 (1)\" \/><\/figure><\/div><div class=\"swiper-slide\" role=\"group\" aria-roledescription=\"slide\" aria-label=\"7 de 7\"><figure class=\"swiper-slide-inner\"><img decoding=\"async\" class=\"swiper-slide-image\" src=\"https:\/\/grupoteatrosdabarra.com.br\/wp-content\/uploads\/2022\/06\/WhatsApp-Image-2022-06-14-at-16.18.43-1-768x960.jpeg\" alt=\"WhatsApp Image 2022-06-14 at 16.18.43\" \/><\/figure><\/div>\t\t\t<\/div>\n\t\t\t\t\t\t\t\t\t\t\t\t<div class=\"elementor-swiper-button elementor-swiper-button-prev\" role=\"button\" tabindex=\"0\">\n\t\t\t\t\t\t<i aria-hidden=\"true\" class=\"eicon-chevron-left\"><\/i>\t\t\t\t\t<\/div>\n\t\t\t\t\t<div class=\"elementor-swiper-button elementor-swiper-button-next\" role=\"button\" tabindex=\"0\">\n\t\t\t\t\t\t<i aria-hidden=\"true\" class=\"eicon-chevron-right\"><\/i>\t\t\t\t\t<\/div>\n\t\t\t\t\n\t\t\t\t\t\t\t\t\t<div class=\"swiper-pagination\"><\/div>\n\t\t\t\t\t\t\t\t\t<\/div>\n\t\t\t\t\t\t<\/div>\n\t\t\t\t<\/div>\n\t\t\t\t\t<\/div>\n\t\t<\/div>\n\t\t\t\t\t<\/div>\n\t\t<\/section>\n\t\t\t\t<section class=\"elementor-section elementor-top-section elementor-element elementor-element-1a284ba elementor-section-boxed elementor-section-height-default elementor-section-height-default\" data-id=\"1a284ba\" data-element_type=\"section\" data-e-type=\"section\">\n\t\t\t\t\t\t<div class=\"elementor-container elementor-column-gap-default\">\n\t\t\t\t\t<div class=\"elementor-column elementor-col-100 elementor-top-column elementor-element elementor-element-8381b38\" data-id=\"8381b38\" data-element_type=\"column\" data-e-type=\"column\">\n\t\t\t<div class=\"elementor-widget-wrap elementor-element-populated\">\n\t\t\t\t\t\t<div class=\"elementor-element elementor-element-86addd5 elementor-widget elementor-widget-heading\" data-id=\"86addd5\" data-element_type=\"widget\" data-e-type=\"widget\" data-widget_type=\"heading.default\">\n\t\t\t\t<div class=\"elementor-widget-container\">\n\t\t\t\t\t<h2 class=\"elementor-heading-title elementor-size-default\">FA\u00c7A SEU EVENTO AQUI!<\/h2>\t\t\t\t<\/div>\n\t\t\t\t<\/div>\n\t\t\t\t<div class=\"elementor-element elementor-element-48e2e1b elementor-widget elementor-widget-text-editor\" data-id=\"48e2e1b\" data-element_type=\"widget\" data-e-type=\"widget\" data-widget_type=\"text-editor.default\">\n\t\t\t\t<div class=\"elementor-widget-container\">\n\t\t\t\t\t\t\t\t\t<p>Os teatros s\u00e3o locais ideais para eventos corporativos de todos os segmentos. Entre em contato conosco e conhe\u00e7a nossas vantagens, pre\u00e7os e datas dispon\u00edveis.<\/p><p><i>Loca\u00e7\u00e3o do espa\u00e7o para apresenta\u00e7\u00f5es de fim de curso, desfiles, dan\u00e7a, reuni\u00f5es, palestras e afins.<\/i><\/p>\t\t\t\t\t\t\t\t<\/div>\n\t\t\t\t<\/div>\n\t\t\t\t<div class=\"elementor-element elementor-element-cc41a23 elementor-align-center elementor-widget elementor-widget-button\" data-id=\"cc41a23\" data-element_type=\"widget\" data-e-type=\"widget\" data-widget_type=\"button.default\">\n\t\t\t\t<div class=\"elementor-widget-container\">\n\t\t\t\t\t\t\t\t\t<div class=\"elementor-button-wrapper\">\n\t\t\t\t\t<a class=\"elementor-button elementor-button-link elementor-size-md\" href=\"https:\/\/grupoteatrosdabarra.com.br\/?page_id=26\">\n\t\t\t\t\t\t<span class=\"elementor-button-content-wrapper\">\n\t\t\t\t\t\t\t\t\t<span class=\"elementor-button-text\">Fale Conosco<\/span>\n\t\t\t\t\t<\/span>\n\t\t\t\t\t<\/a>\n\t\t\t\t<\/div>\n\t\t\t\t\t\t\t\t<\/div>\n\t\t\t\t<\/div>\n\t\t\t\t\t<\/div>\n\t\t<\/div>\n\t\t\t\t\t<\/div>\n\t\t<\/section>\n\t\t\t\t<\/div>\n\t\t","protected":false},"excerpt":{"rendered":"<p>Eventos 1\u00ba FESTIVAL PROVOCA\u00c7\u00d5ES PREMIADOS \u25aa\ufe0fMelhor sonoplastia:\ud83c\udfad OS MIST\u00c9RIOS DA FLORESTA @pipocando.ideias \u25aa\ufe0fMelhor ilumina\u00e7\u00e3o:\ud83c\udfad O BASTARDO @vinniciusveloso \u25aa\ufe0fMelhor ator:AKAU\u00c3 SANTOS E C\u00c1SSIO DUQUE\ud83c\udfad Dois homens e um Dinheiro @ineptacia_ \u25aa\ufe0fMelhor atriz:ISABELA FALEIRO\ud83c\udfad Deslembran\u00e7a @coletivorasga \u25aa\ufe0fMelhor dire\u00e7\u00e3o:JAILTON MAIA\ud83c\udfad Geni @expressartoficial \u25aa\ufe0fMelhores Esquetes:\ud83c\udfad DESLEMBRAN\u00c7A @coletivorasga\ud83c\udfad DOIS HOMENS E UM DINHEIRO @ineptacia_\ud83c\udfad GENI @expressartoficial \u25aa\ufe0fRevela\u00e7\u00e3o 1&#8220;Pr\u00eamio especial J\u00fari [&hellip;]<\/p>\n","protected":false},"author":1,"featured_media":0,"parent":0,"menu_order":0,"comment_status":"closed","ping_status":"closed","template":"","meta":{"footnotes":""},"class_list":["post-53","page","type-page","status-publish","hentry"],"yoast_head":"<!-- This site is optimized with the Yoast SEO plugin v21.7 - https:\/\/yoast.com\/wordpress\/plugins\/seo\/ -->\n<title>I Festival Provoca\u00e7\u00f5es - Grupo TB - Teatros da Barra<\/title>\n<meta name=\"robots\" content=\"index, follow, max-snippet:-1, max-image-preview:large, max-video-preview:-1\" \/>\n<link rel=\"canonical\" href=\"https:\/\/grupoteatrosdabarra.com.br\/?page_id=53\" \/>\n<meta property=\"og:locale\" content=\"pt_BR\" \/>\n<meta property=\"og:type\" content=\"article\" \/>\n<meta property=\"og:title\" content=\"I Festival Provoca\u00e7\u00f5es - Grupo TB - Teatros da Barra\" \/>\n<meta property=\"og:description\" content=\"Eventos 1\u00ba FESTIVAL PROVOCA\u00c7\u00d5ES PREMIADOS \u25aa\ufe0fMelhor sonoplastia:\ud83c\udfad OS MIST\u00c9RIOS DA FLORESTA @pipocando.ideias \u25aa\ufe0fMelhor ilumina\u00e7\u00e3o:\ud83c\udfad O BASTARDO @vinniciusveloso \u25aa\ufe0fMelhor ator:AKAU\u00c3 SANTOS E C\u00c1SSIO DUQUE\ud83c\udfad Dois homens e um Dinheiro @ineptacia_ \u25aa\ufe0fMelhor atriz:ISABELA FALEIRO\ud83c\udfad Deslembran\u00e7a @coletivorasga \u25aa\ufe0fMelhor dire\u00e7\u00e3o:JAILTON MAIA\ud83c\udfad Geni @expressartoficial \u25aa\ufe0fMelhores Esquetes:\ud83c\udfad DESLEMBRAN\u00c7A @coletivorasga\ud83c\udfad DOIS HOMENS E UM DINHEIRO @ineptacia_\ud83c\udfad GENI @expressartoficial \u25aa\ufe0fRevela\u00e7\u00e3o 1&#8220;Pr\u00eamio especial J\u00fari [&hellip;]\" \/>\n<meta property=\"og:url\" content=\"https:\/\/grupoteatrosdabarra.com.br\/?page_id=53\" \/>\n<meta property=\"og:site_name\" content=\"Grupo TB - Teatros da Barra\" \/>\n<meta property=\"article:modified_time\" content=\"2022-08-01T18:40:33+00:00\" \/>\n<meta property=\"og:image\" content=\"http:\/\/grupoteatrosdabarra.com.br\/wp-content\/uploads\/2022\/06\/WhatsApp-Image-2022-06-14-at-16.18.44-3-768x960.jpeg\" \/>\n<meta name=\"twitter:card\" content=\"summary_large_image\" \/>\n<meta name=\"twitter:label1\" content=\"Est. tempo de leitura\" \/>\n\t<meta name=\"twitter:data1\" content=\"7 minutos\" \/>\n<script type=\"application\/ld+json\" class=\"yoast-schema-graph\">{\"@context\":\"https:\/\/schema.org\",\"@graph\":[{\"@type\":\"WebPage\",\"@id\":\"https:\/\/grupoteatrosdabarra.com.br\/?page_id=53\",\"url\":\"https:\/\/grupoteatrosdabarra.com.br\/?page_id=53\",\"name\":\"I Festival Provoca\u00e7\u00f5es - Grupo TB - Teatros da Barra\",\"isPartOf\":{\"@id\":\"https:\/\/grupoteatrosdabarra.com.br\/#website\"},\"datePublished\":\"2022-02-25T14:57:23+00:00\",\"dateModified\":\"2022-08-01T18:40:33+00:00\",\"breadcrumb\":{\"@id\":\"https:\/\/grupoteatrosdabarra.com.br\/?page_id=53#breadcrumb\"},\"inLanguage\":\"pt-BR\",\"potentialAction\":[{\"@type\":\"ReadAction\",\"target\":[\"https:\/\/grupoteatrosdabarra.com.br\/?page_id=53\"]}]},{\"@type\":\"BreadcrumbList\",\"@id\":\"https:\/\/grupoteatrosdabarra.com.br\/?page_id=53#breadcrumb\",\"itemListElement\":[{\"@type\":\"ListItem\",\"position\":1,\"name\":\"In\u00edcio\",\"item\":\"https:\/\/grupoteatrosdabarra.com.br\/\"},{\"@type\":\"ListItem\",\"position\":2,\"name\":\"I Festival Provoca\u00e7\u00f5es\"}]},{\"@type\":\"WebSite\",\"@id\":\"https:\/\/grupoteatrosdabarra.com.br\/#website\",\"url\":\"https:\/\/grupoteatrosdabarra.com.br\/\",\"name\":\"Grupo TB - Teatros da Barra\",\"description\":\"\",\"publisher\":{\"@id\":\"https:\/\/grupoteatrosdabarra.com.br\/#organization\"},\"potentialAction\":[{\"@type\":\"SearchAction\",\"target\":{\"@type\":\"EntryPoint\",\"urlTemplate\":\"https:\/\/grupoteatrosdabarra.com.br\/?s={search_term_string}\"},\"query-input\":\"required name=search_term_string\"}],\"inLanguage\":\"pt-BR\"},{\"@type\":\"Organization\",\"@id\":\"https:\/\/grupoteatrosdabarra.com.br\/#organization\",\"name\":\"Grupo TB - Teatros da Barra\",\"url\":\"https:\/\/grupoteatrosdabarra.com.br\/\",\"logo\":{\"@type\":\"ImageObject\",\"inLanguage\":\"pt-BR\",\"@id\":\"https:\/\/grupoteatrosdabarra.com.br\/#\/schema\/logo\/image\/\",\"url\":\"https:\/\/grupoteatrosdabarra.com.br\/wp-content\/uploads\/2022\/02\/marca_grupotb.png\",\"contentUrl\":\"https:\/\/grupoteatrosdabarra.com.br\/wp-content\/uploads\/2022\/02\/marca_grupotb.png\",\"width\":921,\"height\":313,\"caption\":\"Grupo TB - Teatros da Barra\"},\"image\":{\"@id\":\"https:\/\/grupoteatrosdabarra.com.br\/#\/schema\/logo\/image\/\"}}]}<\/script>\n<!-- \/ Yoast SEO plugin. -->","yoast_head_json":{"title":"I Festival Provoca\u00e7\u00f5es - Grupo TB - Teatros da Barra","robots":{"index":"index","follow":"follow","max-snippet":"max-snippet:-1","max-image-preview":"max-image-preview:large","max-video-preview":"max-video-preview:-1"},"canonical":"https:\/\/grupoteatrosdabarra.com.br\/?page_id=53","og_locale":"pt_BR","og_type":"article","og_title":"I Festival Provoca\u00e7\u00f5es - Grupo TB - Teatros da Barra","og_description":"Eventos 1\u00ba FESTIVAL PROVOCA\u00c7\u00d5ES PREMIADOS \u25aa\ufe0fMelhor sonoplastia:\ud83c\udfad OS MIST\u00c9RIOS DA FLORESTA @pipocando.ideias \u25aa\ufe0fMelhor ilumina\u00e7\u00e3o:\ud83c\udfad O BASTARDO @vinniciusveloso \u25aa\ufe0fMelhor ator:AKAU\u00c3 SANTOS E C\u00c1SSIO DUQUE\ud83c\udfad Dois homens e um Dinheiro @ineptacia_ \u25aa\ufe0fMelhor atriz:ISABELA FALEIRO\ud83c\udfad Deslembran\u00e7a @coletivorasga \u25aa\ufe0fMelhor dire\u00e7\u00e3o:JAILTON MAIA\ud83c\udfad Geni @expressartoficial \u25aa\ufe0fMelhores Esquetes:\ud83c\udfad DESLEMBRAN\u00c7A @coletivorasga\ud83c\udfad DOIS HOMENS E UM DINHEIRO @ineptacia_\ud83c\udfad GENI @expressartoficial \u25aa\ufe0fRevela\u00e7\u00e3o 1&#8220;Pr\u00eamio especial J\u00fari [&hellip;]","og_url":"https:\/\/grupoteatrosdabarra.com.br\/?page_id=53","og_site_name":"Grupo TB - Teatros da Barra","article_modified_time":"2022-08-01T18:40:33+00:00","og_image":[{"url":"http:\/\/grupoteatrosdabarra.com.br\/wp-content\/uploads\/2022\/06\/WhatsApp-Image-2022-06-14-at-16.18.44-3-768x960.jpeg"}],"twitter_card":"summary_large_image","twitter_misc":{"Est. tempo de leitura":"7 minutos"},"schema":{"@context":"https:\/\/schema.org","@graph":[{"@type":"WebPage","@id":"https:\/\/grupoteatrosdabarra.com.br\/?page_id=53","url":"https:\/\/grupoteatrosdabarra.com.br\/?page_id=53","name":"I Festival Provoca\u00e7\u00f5es - Grupo TB - Teatros da Barra","isPartOf":{"@id":"https:\/\/grupoteatrosdabarra.com.br\/#website"},"datePublished":"2022-02-25T14:57:23+00:00","dateModified":"2022-08-01T18:40:33+00:00","breadcrumb":{"@id":"https:\/\/grupoteatrosdabarra.com.br\/?page_id=53#breadcrumb"},"inLanguage":"pt-BR","potentialAction":[{"@type":"ReadAction","target":["https:\/\/grupoteatrosdabarra.com.br\/?page_id=53"]}]},{"@type":"BreadcrumbList","@id":"https:\/\/grupoteatrosdabarra.com.br\/?page_id=53#breadcrumb","itemListElement":[{"@type":"ListItem","position":1,"name":"In\u00edcio","item":"https:\/\/grupoteatrosdabarra.com.br\/"},{"@type":"ListItem","position":2,"name":"I Festival Provoca\u00e7\u00f5es"}]},{"@type":"WebSite","@id":"https:\/\/grupoteatrosdabarra.com.br\/#website","url":"https:\/\/grupoteatrosdabarra.com.br\/","name":"Grupo TB - Teatros da Barra","description":"","publisher":{"@id":"https:\/\/grupoteatrosdabarra.com.br\/#organization"},"potentialAction":[{"@type":"SearchAction","target":{"@type":"EntryPoint","urlTemplate":"https:\/\/grupoteatrosdabarra.com.br\/?s={search_term_string}"},"query-input":"required name=search_term_string"}],"inLanguage":"pt-BR"},{"@type":"Organization","@id":"https:\/\/grupoteatrosdabarra.com.br\/#organization","name":"Grupo TB - Teatros da Barra","url":"https:\/\/grupoteatrosdabarra.com.br\/","logo":{"@type":"ImageObject","inLanguage":"pt-BR","@id":"https:\/\/grupoteatrosdabarra.com.br\/#\/schema\/logo\/image\/","url":"https:\/\/grupoteatrosdabarra.com.br\/wp-content\/uploads\/2022\/02\/marca_grupotb.png","contentUrl":"https:\/\/grupoteatrosdabarra.com.br\/wp-content\/uploads\/2022\/02\/marca_grupotb.png","width":921,"height":313,"caption":"Grupo TB - Teatros da Barra"},"image":{"@id":"https:\/\/grupoteatrosdabarra.com.br\/#\/schema\/logo\/image\/"}}]}},"_links":{"self":[{"href":"https:\/\/grupoteatrosdabarra.com.br\/index.php?rest_route=\/wp\/v2\/pages\/53","targetHints":{"allow":["GET"]}}],"collection":[{"href":"https:\/\/grupoteatrosdabarra.com.br\/index.php?rest_route=\/wp\/v2\/pages"}],"about":[{"href":"https:\/\/grupoteatrosdabarra.com.br\/index.php?rest_route=\/wp\/v2\/types\/page"}],"author":[{"embeddable":true,"href":"https:\/\/grupoteatrosdabarra.com.br\/index.php?rest_route=\/wp\/v2\/users\/1"}],"replies":[{"embeddable":true,"href":"https:\/\/grupoteatrosdabarra.com.br\/index.php?rest_route=%2Fwp%2Fv2%2Fcomments&post=53"}],"version-history":[{"count":38,"href":"https:\/\/grupoteatrosdabarra.com.br\/index.php?rest_route=\/wp\/v2\/pages\/53\/revisions"}],"predecessor-version":[{"id":525,"href":"https:\/\/grupoteatrosdabarra.com.br\/index.php?rest_route=\/wp\/v2\/pages\/53\/revisions\/525"}],"wp:attachment":[{"href":"https:\/\/grupoteatrosdabarra.com.br\/index.php?rest_route=%2Fwp%2Fv2%2Fmedia&parent=53"}],"curies":[{"name":"wp","href":"https:\/\/api.w.org\/{rel}","templated":true}]}}