{"id":30,"date":"2022-02-25T11:55:47","date_gmt":"2022-02-25T14:55:47","guid":{"rendered":"http:\/\/teatrosbarrapoint.com.br\/?page_id=30"},"modified":"2023-11-27T16:44:40","modified_gmt":"2023-11-27T19:44:40","slug":"locacao-para-eventos","status":"publish","type":"page","link":"https:\/\/grupoteatrosdabarra.com.br\/?page_id=30","title":{"rendered":"Loca\u00e7\u00e3o para eventos"},"content":{"rendered":"\t\t<div data-elementor-type=\"wp-page\" data-elementor-id=\"30\" class=\"elementor elementor-30\">\n\t\t\t\t\t\t<section class=\"elementor-section elementor-top-section elementor-element elementor-element-92d47c4 elementor-section-content-middle elementor-section-boxed elementor-section-height-default elementor-section-height-default\" data-id=\"92d47c4\" data-element_type=\"section\" data-e-type=\"section\" data-settings=\"{&quot;background_background&quot;:&quot;classic&quot;}\">\n\t\t\t\t\t\t<div class=\"elementor-container elementor-column-gap-no\">\n\t\t\t\t\t<div class=\"elementor-column elementor-col-50 elementor-top-column elementor-element elementor-element-d7f2b5e\" data-id=\"d7f2b5e\" data-element_type=\"column\" data-e-type=\"column\">\n\t\t\t<div class=\"elementor-widget-wrap elementor-element-populated\">\n\t\t\t\t\t\t<div class=\"elementor-element elementor-element-672f884 elementor-widget elementor-widget-image\" data-id=\"672f884\" data-element_type=\"widget\" data-e-type=\"widget\" data-widget_type=\"image.default\">\n\t\t\t\t<div class=\"elementor-widget-container\">\n\t\t\t\t\t\t\t\t\t\t\t\t\t\t\t<img fetchpriority=\"high\" decoding=\"async\" width=\"382\" height=\"510\" src=\"https:\/\/grupoteatrosdabarra.com.br\/wp-content\/uploads\/2023\/11\/8.jpeg\" class=\"attachment-full size-full wp-image-1825\" alt=\"\" srcset=\"https:\/\/grupoteatrosdabarra.com.br\/wp-content\/uploads\/2023\/11\/8.jpeg 382w, https:\/\/grupoteatrosdabarra.com.br\/wp-content\/uploads\/2023\/11\/8-225x300.jpeg 225w\" sizes=\"(max-width: 382px) 100vw, 382px\" \/>\t\t\t\t\t\t\t\t\t\t\t\t\t\t\t<\/div>\n\t\t\t\t<\/div>\n\t\t\t\t\t<\/div>\n\t\t<\/div>\n\t\t\t\t<div class=\"elementor-column elementor-col-50 elementor-top-column elementor-element elementor-element-04beeec\" data-id=\"04beeec\" data-element_type=\"column\" data-e-type=\"column\">\n\t\t\t<div class=\"elementor-widget-wrap elementor-element-populated\">\n\t\t\t\t\t\t<div class=\"elementor-element elementor-element-ff4e75e elementor-widget elementor-widget-heading\" data-id=\"ff4e75e\" data-element_type=\"widget\" data-e-type=\"widget\" data-widget_type=\"heading.default\">\n\t\t\t\t<div class=\"elementor-widget-container\">\n\t\t\t\t\t<h4 class=\"elementor-heading-title elementor-size-default\">Teatro Principal - Capacidade para 180 pessoas<\/h4>\t\t\t\t<\/div>\n\t\t\t\t<\/div>\n\t\t\t\t<div class=\"elementor-element elementor-element-faa27a0 elementor-widget elementor-widget-text-editor\" data-id=\"faa27a0\" data-element_type=\"widget\" data-e-type=\"widget\" data-widget_type=\"text-editor.default\">\n\t\t\t\t<div class=\"elementor-widget-container\">\n\t\t\t\t\t\t\t\t\t<p>\u00a0<\/p><p><span style=\"font-size: inherit; text-align: inherit; font-family: var( --e-global-typography-text-font-family ), Sans-serif; letter-spacing: -0.015em;\">Localiza\u00e7\u00e3o: Barra da Tijuca, pr\u00f3ximo ao Metr\u00f4\/BRT<\/span><\/p><p>Valor: A partir de R$ 200,00\/hora<\/p><p>Descri\u00e7\u00e3o: Espa\u00e7o elegante com palco alternativo, ilumina\u00e7\u00e3o profissional, multim\u00eddia completa, e estacionamento. Ideal para pe\u00e7as teatrais, conven\u00e7\u00f5es e shows.<\/p>\t\t\t\t\t\t\t\t<\/div>\n\t\t\t\t<\/div>\n\t\t\t\t\t<\/div>\n\t\t<\/div>\n\t\t\t\t\t<\/div>\n\t\t<\/section>\n\t\t\t\t<section class=\"elementor-section elementor-top-section elementor-element elementor-element-377d330a elementor-section-content-middle elementor-section-boxed elementor-section-height-default elementor-section-height-default\" data-id=\"377d330a\" data-element_type=\"section\" data-e-type=\"section\" data-settings=\"{&quot;background_background&quot;:&quot;classic&quot;}\">\n\t\t\t\t\t\t<div class=\"elementor-container elementor-column-gap-no\">\n\t\t\t\t\t<div class=\"elementor-column elementor-col-50 elementor-top-column elementor-element elementor-element-4fdc0fcb\" data-id=\"4fdc0fcb\" data-element_type=\"column\" data-e-type=\"column\">\n\t\t\t<div class=\"elementor-widget-wrap elementor-element-populated\">\n\t\t\t\t\t\t<div class=\"elementor-element elementor-element-44c33bf1 elementor-widget elementor-widget-image\" data-id=\"44c33bf1\" data-element_type=\"widget\" data-e-type=\"widget\" data-widget_type=\"image.default\">\n\t\t\t\t<div class=\"elementor-widget-container\">\n\t\t\t\t\t\t\t\t\t\t\t\t\t\t\t<img decoding=\"async\" width=\"382\" height=\"510\" src=\"https:\/\/grupoteatrosdabarra.com.br\/wp-content\/uploads\/2023\/11\/5.jpg\" class=\"attachment-full size-full wp-image-1822\" alt=\"\" srcset=\"https:\/\/grupoteatrosdabarra.com.br\/wp-content\/uploads\/2023\/11\/5.jpg 382w, https:\/\/grupoteatrosdabarra.com.br\/wp-content\/uploads\/2023\/11\/5-225x300.jpg 225w\" sizes=\"(max-width: 382px) 100vw, 382px\" \/>\t\t\t\t\t\t\t\t\t\t\t\t\t\t\t<\/div>\n\t\t\t\t<\/div>\n\t\t\t\t\t<\/div>\n\t\t<\/div>\n\t\t\t\t<div class=\"elementor-column elementor-col-50 elementor-top-column elementor-element elementor-element-37e4033c\" data-id=\"37e4033c\" data-element_type=\"column\" data-e-type=\"column\">\n\t\t\t<div class=\"elementor-widget-wrap elementor-element-populated\">\n\t\t\t\t\t\t<div class=\"elementor-element elementor-element-48f5f571 elementor-widget elementor-widget-heading\" data-id=\"48f5f571\" data-element_type=\"widget\" data-e-type=\"widget\" data-widget_type=\"heading.default\">\n\t\t\t\t<div class=\"elementor-widget-container\">\n\t\t\t\t\t<h4 class=\"elementor-heading-title elementor-size-default\">Audit\u00f3rio - Capacidade para 180 pessoas<\/h4>\t\t\t\t<\/div>\n\t\t\t\t<\/div>\n\t\t\t\t<div class=\"elementor-element elementor-element-71d69f58 elementor-widget elementor-widget-text-editor\" data-id=\"71d69f58\" data-element_type=\"widget\" data-e-type=\"widget\" data-widget_type=\"text-editor.default\">\n\t\t\t\t<div class=\"elementor-widget-container\">\n\t\t\t\t\t\t\t\t\t<p>Localiza\u00e7\u00e3o: Barra da Tijuca, pr\u00f3ximo ao Metr\u00f4\/BRT<\/p><p>Valor: A partir de R$ 200,00\/hora<\/p><p>Descri\u00e7\u00e3o: Ambiente aconchegante com palco teatral, ilumina\u00e7\u00e3o especial, recursos multim\u00eddia e estacionamento. Perfeito para eventos mais \u00edntimos e apresenta\u00e7\u00f5es culturais.<\/p>\t\t\t\t\t\t\t\t<\/div>\n\t\t\t\t<\/div>\n\t\t\t\t\t<\/div>\n\t\t<\/div>\n\t\t\t\t\t<\/div>\n\t\t<\/section>\n\t\t\t\t<section class=\"elementor-section elementor-top-section elementor-element elementor-element-73f21385 elementor-section-content-middle elementor-section-boxed elementor-section-height-default elementor-section-height-default\" data-id=\"73f21385\" data-element_type=\"section\" data-e-type=\"section\" data-settings=\"{&quot;background_background&quot;:&quot;classic&quot;}\">\n\t\t\t\t\t\t<div class=\"elementor-container elementor-column-gap-no\">\n\t\t\t\t\t<div class=\"elementor-column elementor-col-50 elementor-top-column elementor-element elementor-element-16cca8e1\" data-id=\"16cca8e1\" data-element_type=\"column\" data-e-type=\"column\">\n\t\t\t<div class=\"elementor-widget-wrap elementor-element-populated\">\n\t\t\t\t\t\t<div class=\"elementor-element elementor-element-64dbff72 elementor-widget__width-initial elementor-widget elementor-widget-image\" data-id=\"64dbff72\" data-element_type=\"widget\" data-e-type=\"widget\" data-widget_type=\"image.default\">\n\t\t\t\t<div class=\"elementor-widget-container\">\n\t\t\t\t\t\t\t\t\t\t\t\t\t\t\t<img decoding=\"async\" width=\"387\" height=\"512\" src=\"https:\/\/grupoteatrosdabarra.com.br\/wp-content\/uploads\/2023\/11\/12.png\" class=\"attachment-full size-full wp-image-1839\" alt=\"\" srcset=\"https:\/\/grupoteatrosdabarra.com.br\/wp-content\/uploads\/2023\/11\/12.png 387w, https:\/\/grupoteatrosdabarra.com.br\/wp-content\/uploads\/2023\/11\/12-227x300.png 227w\" sizes=\"(max-width: 387px) 100vw, 387px\" \/>\t\t\t\t\t\t\t\t\t\t\t\t\t\t\t<\/div>\n\t\t\t\t<\/div>\n\t\t\t\t\t<\/div>\n\t\t<\/div>\n\t\t\t\t<div class=\"elementor-column elementor-col-50 elementor-top-column elementor-element elementor-element-604070ba\" data-id=\"604070ba\" data-element_type=\"column\" data-e-type=\"column\">\n\t\t\t<div class=\"elementor-widget-wrap elementor-element-populated\">\n\t\t\t\t\t\t<div class=\"elementor-element elementor-element-19370a94 elementor-widget elementor-widget-heading\" data-id=\"19370a94\" data-element_type=\"widget\" data-e-type=\"widget\" data-widget_type=\"heading.default\">\n\t\t\t\t<div class=\"elementor-widget-container\">\n\t\t\t\t\t<h4 class=\"elementor-heading-title elementor-size-default\">Drinkeria e Espa\u00e7o para Eventos - Capacidade para 60 pessoas<\/h4>\t\t\t\t<\/div>\n\t\t\t\t<\/div>\n\t\t\t\t<div class=\"elementor-element elementor-element-479c573e elementor-widget elementor-widget-text-editor\" data-id=\"479c573e\" data-element_type=\"widget\" data-e-type=\"widget\" data-widget_type=\"text-editor.default\">\n\t\t\t\t<div class=\"elementor-widget-container\">\n\t\t\t\t\t\t\t\t\t<p>Localiza\u00e7\u00e3o: Barra da Tijuca, pr\u00f3ximo ao Metr\u00f4\/BRT<\/p><p>Valor: A partir de R$ 100,00\/hora<\/p><p>Descri\u00e7\u00e3o: Ambiente descontra\u00eddo com palco teatral, ilumina\u00e7\u00e3o vibrante, multim\u00eddia completa e estacionamento. Perfeito para eventos mais informais, como happy hours, lan\u00e7amentos e pequenos shows.<\/p>\t\t\t\t\t\t\t\t<\/div>\n\t\t\t\t<\/div>\n\t\t\t\t\t<\/div>\n\t\t<\/div>\n\t\t\t\t\t<\/div>\n\t\t<\/section>\n\t\t\t\t<section class=\"elementor-section elementor-top-section elementor-element elementor-element-0ef99eb elementor-section-boxed elementor-section-height-default elementor-section-height-default\" data-id=\"0ef99eb\" data-element_type=\"section\" data-e-type=\"section\">\n\t\t\t\t\t\t<div class=\"elementor-container elementor-column-gap-default\">\n\t\t\t\t\t<div class=\"elementor-column elementor-col-100 elementor-top-column elementor-element elementor-element-15ca38e\" data-id=\"15ca38e\" data-element_type=\"column\" data-e-type=\"column\">\n\t\t\t<div class=\"elementor-widget-wrap elementor-element-populated\">\n\t\t\t\t\t\t<div class=\"elementor-element elementor-element-612d0d8 elementor-align-center elementor-widget elementor-widget-button\" data-id=\"612d0d8\" data-element_type=\"widget\" data-e-type=\"widget\" data-widget_type=\"button.default\">\n\t\t\t\t<div class=\"elementor-widget-container\">\n\t\t\t\t\t\t\t\t\t<div class=\"elementor-button-wrapper\">\n\t\t\t\t\t<a class=\"elementor-button elementor-button-link elementor-size-sm\" href=\"https:\/\/grupoteatrosdabarra.com.br\/wp-content\/uploads\/2023\/11\/Teatro-1-e-2Drinkeria.pdf\">\n\t\t\t\t\t\t<span class=\"elementor-button-content-wrapper\">\n\t\t\t\t\t\t\t\t\t<span class=\"elementor-button-text\">BAIXAR ESPECIFICA\u00c7\u00d5ES<\/span>\n\t\t\t\t\t<\/span>\n\t\t\t\t\t<\/a>\n\t\t\t\t<\/div>\n\t\t\t\t\t\t\t\t<\/div>\n\t\t\t\t<\/div>\n\t\t\t\t\t<\/div>\n\t\t<\/div>\n\t\t\t\t\t<\/div>\n\t\t<\/section>\n\t\t\t\t<section class=\"elementor-section elementor-top-section elementor-element elementor-element-666f2c76 elementor-section-content-middle elementor-section-boxed elementor-section-height-default elementor-section-height-default\" data-id=\"666f2c76\" data-element_type=\"section\" data-e-type=\"section\" data-settings=\"{&quot;background_background&quot;:&quot;classic&quot;}\">\n\t\t\t\t\t\t<div class=\"elementor-container elementor-column-gap-no\">\n\t\t\t\t\t<div class=\"elementor-column elementor-col-100 elementor-top-column elementor-element elementor-element-5d4f1fea\" data-id=\"5d4f1fea\" data-element_type=\"column\" data-e-type=\"column\">\n\t\t\t<div class=\"elementor-widget-wrap elementor-element-populated\">\n\t\t\t\t\t\t<div class=\"elementor-element elementor-element-50176937 elementor-widget elementor-widget-heading\" data-id=\"50176937\" data-element_type=\"widget\" data-e-type=\"widget\" data-widget_type=\"heading.default\">\n\t\t\t\t<div class=\"elementor-widget-container\">\n\t\t\t\t\t<h6 class=\"elementor-heading-title elementor-size-default\">contato<\/h6>\t\t\t\t<\/div>\n\t\t\t\t<\/div>\n\t\t\t\t<div class=\"elementor-element elementor-element-3124eb09 elementor-widget elementor-widget-heading\" data-id=\"3124eb09\" data-element_type=\"widget\" data-e-type=\"widget\" data-widget_type=\"heading.default\">\n\t\t\t\t<div class=\"elementor-widget-container\">\n\t\t\t\t\t<h6 class=\"elementor-heading-title elementor-size-default\">(21)97038-3902<br>(21)97545-1487<\/h6>\t\t\t\t<\/div>\n\t\t\t\t<\/div>\n\t\t\t\t<div class=\"elementor-element elementor-element-49315800 elementor-widget elementor-widget-heading\" data-id=\"49315800\" data-element_type=\"widget\" data-e-type=\"widget\" data-widget_type=\"heading.default\">\n\t\t\t\t<div class=\"elementor-widget-container\">\n\t\t\t\t\t<h3 class=\"elementor-heading-title elementor-size-default\">Av. Armando Lombardi, 350 - Barra da Tijuca <br> Rio de Janeiro - RJ, 22640-020<\/h3>\t\t\t\t<\/div>\n\t\t\t\t<\/div>\n\t\t\t\t<div class=\"elementor-element elementor-element-2d863252 elementor-widget elementor-widget-google_maps\" data-id=\"2d863252\" data-element_type=\"widget\" data-e-type=\"widget\" data-widget_type=\"google_maps.default\">\n\t\t\t\t<div class=\"elementor-widget-container\">\n\t\t\t\t\t\t\t<div class=\"elementor-custom-embed\">\n\t\t\t<iframe loading=\"lazy\"\n\t\t\t\t\tsrc=\"https:\/\/maps.google.com\/maps?q=Av.%20Armando%20Lombardi%2C%20350%20-%20Barra%20da%20Tijuca%2C%20Rio%20de%20Janeiro%20-%20RJ%2C%2022640-000%2C%20Brasil%20-%20Barra%20Point%20Shopping%20Center&#038;t=m&#038;z=18&#038;output=embed&#038;iwloc=near\"\n\t\t\t\t\ttitle=\"Av. Armando Lombardi, 350 - Barra da Tijuca, Rio de Janeiro - RJ, 22640-000, Brasil - Barra Point Shopping Center\"\n\t\t\t\t\taria-label=\"Av. Armando Lombardi, 350 - Barra da Tijuca, Rio de Janeiro - RJ, 22640-000, Brasil - Barra Point Shopping Center\"\n\t\t\t><\/iframe>\n\t\t<\/div>\n\t\t\t\t\t\t<\/div>\n\t\t\t\t<\/div>\n\t\t\t\t<div class=\"elementor-element elementor-element-2387bc26 elementor-shape-rounded elementor-grid-0 e-grid-align-center elementor-widget elementor-widget-social-icons\" data-id=\"2387bc26\" data-element_type=\"widget\" data-e-type=\"widget\" data-widget_type=\"social-icons.default\">\n\t\t\t\t<div class=\"elementor-widget-container\">\n\t\t\t\t\t\t\t<div class=\"elementor-social-icons-wrapper elementor-grid\" role=\"list\">\n\t\t\t\t\t\t\t<span class=\"elementor-grid-item\" role=\"listitem\">\n\t\t\t\t\t<a class=\"elementor-icon elementor-social-icon elementor-social-icon-facebook elementor-animation-grow elementor-repeater-item-9c86cde\" target=\"_blank\">\n\t\t\t\t\t\t<span class=\"elementor-screen-only\">Facebook<\/span>\n\t\t\t\t\t\t\t\t\t\t\t\t\t<i class=\"fa fa-facebook\" aria-hidden=\"true\"><\/i>\n\t\t\t\t\t\t\t\t\t\t\t<\/a>\n\t\t\t\t<\/span>\n\t\t\t\t\t\t\t<span class=\"elementor-grid-item\" role=\"listitem\">\n\t\t\t\t\t<a class=\"elementor-icon elementor-social-icon elementor-social-icon-twitter elementor-animation-grow elementor-repeater-item-7f0e5c7\" target=\"_blank\">\n\t\t\t\t\t\t<span class=\"elementor-screen-only\">Twitter<\/span>\n\t\t\t\t\t\t\t\t\t\t\t\t\t<i class=\"fa fa-twitter\" aria-hidden=\"true\"><\/i>\n\t\t\t\t\t\t\t\t\t\t\t<\/a>\n\t\t\t\t<\/span>\n\t\t\t\t\t\t\t<span class=\"elementor-grid-item\" role=\"listitem\">\n\t\t\t\t\t<a class=\"elementor-icon elementor-social-icon elementor-social-icon-google-plus elementor-animation-grow elementor-repeater-item-7e1d56b\" target=\"_blank\">\n\t\t\t\t\t\t<span class=\"elementor-screen-only\">Google-plus<\/span>\n\t\t\t\t\t\t\t\t\t\t\t\t\t<i class=\"fa fa-google-plus\" aria-hidden=\"true\"><\/i>\n\t\t\t\t\t\t\t\t\t\t\t<\/a>\n\t\t\t\t<\/span>\n\t\t\t\t\t\t\t<span class=\"elementor-grid-item\" role=\"listitem\">\n\t\t\t\t\t<a class=\"elementor-icon elementor-social-icon elementor-social-icon-instagram elementor-animation-grow elementor-repeater-item-7b9d1bc\" target=\"_blank\">\n\t\t\t\t\t\t<span class=\"elementor-screen-only\">Instagram<\/span>\n\t\t\t\t\t\t\t\t\t\t\t\t\t<i class=\"fa fa-instagram\" aria-hidden=\"true\"><\/i>\n\t\t\t\t\t\t\t\t\t\t\t<\/a>\n\t\t\t\t<\/span>\n\t\t\t\t\t\t\t<span class=\"elementor-grid-item\" role=\"listitem\">\n\t\t\t\t\t<a class=\"elementor-icon elementor-social-icon elementor-social-icon-youtube elementor-animation-grow elementor-repeater-item-1cfae18\" target=\"_blank\">\n\t\t\t\t\t\t<span class=\"elementor-screen-only\">Youtube<\/span>\n\t\t\t\t\t\t\t\t\t\t\t\t\t<i class=\"fa fa-youtube\" aria-hidden=\"true\"><\/i>\n\t\t\t\t\t\t\t\t\t\t\t<\/a>\n\t\t\t\t<\/span>\n\t\t\t\t\t\t\t<span class=\"elementor-grid-item\" role=\"listitem\">\n\t\t\t\t\t<a class=\"elementor-icon elementor-social-icon elementor-social-icon-pinterest elementor-animation-grow elementor-repeater-item-6b9a598\" target=\"_blank\">\n\t\t\t\t\t\t<span class=\"elementor-screen-only\">Pinterest<\/span>\n\t\t\t\t\t\t\t\t\t\t\t\t\t<i class=\"fa fa-pinterest\" aria-hidden=\"true\"><\/i>\n\t\t\t\t\t\t\t\t\t\t\t<\/a>\n\t\t\t\t<\/span>\n\t\t\t\t\t<\/div>\n\t\t\t\t\t\t<\/div>\n\t\t\t\t<\/div>\n\t\t\t\t\t<\/div>\n\t\t<\/div>\n\t\t\t\t\t<\/div>\n\t\t<\/section>\n\t\t\t\t<\/div>\n\t\t","protected":false},"excerpt":{"rendered":"<p>Teatro Principal &#8211; Capacidade para 180 pessoas \u00a0 Localiza\u00e7\u00e3o: Barra da Tijuca, pr\u00f3ximo ao Metr\u00f4\/BRT Valor: A partir de R$ 200,00\/hora Descri\u00e7\u00e3o: Espa\u00e7o elegante com palco alternativo, ilumina\u00e7\u00e3o profissional, multim\u00eddia completa, e estacionamento. Ideal para pe\u00e7as teatrais, conven\u00e7\u00f5es e shows. Audit\u00f3rio &#8211; Capacidade para 180 pessoas Localiza\u00e7\u00e3o: Barra da Tijuca, pr\u00f3ximo ao Metr\u00f4\/BRT Valor: A [&hellip;]<\/p>\n","protected":false},"author":1,"featured_media":0,"parent":0,"menu_order":0,"comment_status":"closed","ping_status":"closed","template":"","meta":{"footnotes":""},"class_list":["post-30","page","type-page","status-publish","hentry"],"yoast_head":"<!-- This site is optimized with the Yoast SEO plugin v21.7 - https:\/\/yoast.com\/wordpress\/plugins\/seo\/ -->\n<title>Loca\u00e7\u00e3o para eventos - Grupo TB - Teatros da Barra<\/title>\n<meta name=\"robots\" content=\"index, follow, max-snippet:-1, max-image-preview:large, max-video-preview:-1\" \/>\n<link rel=\"canonical\" href=\"https:\/\/grupoteatrosdabarra.com.br\/?page_id=30\" \/>\n<meta property=\"og:locale\" content=\"pt_BR\" \/>\n<meta property=\"og:type\" content=\"article\" \/>\n<meta property=\"og:title\" content=\"Loca\u00e7\u00e3o para eventos - Grupo TB - Teatros da Barra\" \/>\n<meta property=\"og:description\" content=\"Teatro Principal &#8211; Capacidade para 180 pessoas \u00a0 Localiza\u00e7\u00e3o: Barra da Tijuca, pr\u00f3ximo ao Metr\u00f4\/BRT Valor: A partir de R$ 200,00\/hora Descri\u00e7\u00e3o: Espa\u00e7o elegante com palco alternativo, ilumina\u00e7\u00e3o profissional, multim\u00eddia completa, e estacionamento. Ideal para pe\u00e7as teatrais, conven\u00e7\u00f5es e shows. Audit\u00f3rio &#8211; Capacidade para 180 pessoas Localiza\u00e7\u00e3o: Barra da Tijuca, pr\u00f3ximo ao Metr\u00f4\/BRT Valor: A [&hellip;]\" \/>\n<meta property=\"og:url\" content=\"https:\/\/grupoteatrosdabarra.com.br\/?page_id=30\" \/>\n<meta property=\"og:site_name\" content=\"Grupo TB - Teatros da Barra\" \/>\n<meta property=\"article:modified_time\" content=\"2023-11-27T19:44:40+00:00\" \/>\n<meta property=\"og:image\" content=\"http:\/\/grupoteatrosdabarra.com.br\/wp-content\/uploads\/2023\/11\/8.jpeg\" \/>\n<meta name=\"twitter:card\" content=\"summary_large_image\" \/>\n<meta name=\"twitter:label1\" content=\"Est. tempo de leitura\" \/>\n\t<meta name=\"twitter:data1\" content=\"2 minutos\" \/>\n<script type=\"application\/ld+json\" class=\"yoast-schema-graph\">{\"@context\":\"https:\/\/schema.org\",\"@graph\":[{\"@type\":\"WebPage\",\"@id\":\"https:\/\/grupoteatrosdabarra.com.br\/?page_id=30\",\"url\":\"https:\/\/grupoteatrosdabarra.com.br\/?page_id=30\",\"name\":\"Loca\u00e7\u00e3o para eventos - Grupo TB - Teatros da Barra\",\"isPartOf\":{\"@id\":\"https:\/\/grupoteatrosdabarra.com.br\/#website\"},\"datePublished\":\"2022-02-25T14:55:47+00:00\",\"dateModified\":\"2023-11-27T19:44:40+00:00\",\"breadcrumb\":{\"@id\":\"https:\/\/grupoteatrosdabarra.com.br\/?page_id=30#breadcrumb\"},\"inLanguage\":\"pt-BR\",\"potentialAction\":[{\"@type\":\"ReadAction\",\"target\":[\"https:\/\/grupoteatrosdabarra.com.br\/?page_id=30\"]}]},{\"@type\":\"BreadcrumbList\",\"@id\":\"https:\/\/grupoteatrosdabarra.com.br\/?page_id=30#breadcrumb\",\"itemListElement\":[{\"@type\":\"ListItem\",\"position\":1,\"name\":\"In\u00edcio\",\"item\":\"https:\/\/grupoteatrosdabarra.com.br\/\"},{\"@type\":\"ListItem\",\"position\":2,\"name\":\"Loca\u00e7\u00e3o para eventos\"}]},{\"@type\":\"WebSite\",\"@id\":\"https:\/\/grupoteatrosdabarra.com.br\/#website\",\"url\":\"https:\/\/grupoteatrosdabarra.com.br\/\",\"name\":\"Grupo TB - Teatros da Barra\",\"description\":\"\",\"publisher\":{\"@id\":\"https:\/\/grupoteatrosdabarra.com.br\/#organization\"},\"potentialAction\":[{\"@type\":\"SearchAction\",\"target\":{\"@type\":\"EntryPoint\",\"urlTemplate\":\"https:\/\/grupoteatrosdabarra.com.br\/?s={search_term_string}\"},\"query-input\":\"required name=search_term_string\"}],\"inLanguage\":\"pt-BR\"},{\"@type\":\"Organization\",\"@id\":\"https:\/\/grupoteatrosdabarra.com.br\/#organization\",\"name\":\"Grupo TB - Teatros da Barra\",\"url\":\"https:\/\/grupoteatrosdabarra.com.br\/\",\"logo\":{\"@type\":\"ImageObject\",\"inLanguage\":\"pt-BR\",\"@id\":\"https:\/\/grupoteatrosdabarra.com.br\/#\/schema\/logo\/image\/\",\"url\":\"https:\/\/grupoteatrosdabarra.com.br\/wp-content\/uploads\/2022\/02\/marca_grupotb.png\",\"contentUrl\":\"https:\/\/grupoteatrosdabarra.com.br\/wp-content\/uploads\/2022\/02\/marca_grupotb.png\",\"width\":921,\"height\":313,\"caption\":\"Grupo TB - Teatros da Barra\"},\"image\":{\"@id\":\"https:\/\/grupoteatrosdabarra.com.br\/#\/schema\/logo\/image\/\"}}]}<\/script>\n<!-- \/ Yoast SEO plugin. -->","yoast_head_json":{"title":"Loca\u00e7\u00e3o para eventos - Grupo TB - Teatros da Barra","robots":{"index":"index","follow":"follow","max-snippet":"max-snippet:-1","max-image-preview":"max-image-preview:large","max-video-preview":"max-video-preview:-1"},"canonical":"https:\/\/grupoteatrosdabarra.com.br\/?page_id=30","og_locale":"pt_BR","og_type":"article","og_title":"Loca\u00e7\u00e3o para eventos - Grupo TB - Teatros da Barra","og_description":"Teatro Principal &#8211; Capacidade para 180 pessoas \u00a0 Localiza\u00e7\u00e3o: Barra da Tijuca, pr\u00f3ximo ao Metr\u00f4\/BRT Valor: A partir de R$ 200,00\/hora Descri\u00e7\u00e3o: Espa\u00e7o elegante com palco alternativo, ilumina\u00e7\u00e3o profissional, multim\u00eddia completa, e estacionamento. Ideal para pe\u00e7as teatrais, conven\u00e7\u00f5es e shows. Audit\u00f3rio &#8211; Capacidade para 180 pessoas Localiza\u00e7\u00e3o: Barra da Tijuca, pr\u00f3ximo ao Metr\u00f4\/BRT Valor: A [&hellip;]","og_url":"https:\/\/grupoteatrosdabarra.com.br\/?page_id=30","og_site_name":"Grupo TB - Teatros da Barra","article_modified_time":"2023-11-27T19:44:40+00:00","og_image":[{"url":"http:\/\/grupoteatrosdabarra.com.br\/wp-content\/uploads\/2023\/11\/8.jpeg"}],"twitter_card":"summary_large_image","twitter_misc":{"Est. tempo de leitura":"2 minutos"},"schema":{"@context":"https:\/\/schema.org","@graph":[{"@type":"WebPage","@id":"https:\/\/grupoteatrosdabarra.com.br\/?page_id=30","url":"https:\/\/grupoteatrosdabarra.com.br\/?page_id=30","name":"Loca\u00e7\u00e3o para eventos - Grupo TB - Teatros da Barra","isPartOf":{"@id":"https:\/\/grupoteatrosdabarra.com.br\/#website"},"datePublished":"2022-02-25T14:55:47+00:00","dateModified":"2023-11-27T19:44:40+00:00","breadcrumb":{"@id":"https:\/\/grupoteatrosdabarra.com.br\/?page_id=30#breadcrumb"},"inLanguage":"pt-BR","potentialAction":[{"@type":"ReadAction","target":["https:\/\/grupoteatrosdabarra.com.br\/?page_id=30"]}]},{"@type":"BreadcrumbList","@id":"https:\/\/grupoteatrosdabarra.com.br\/?page_id=30#breadcrumb","itemListElement":[{"@type":"ListItem","position":1,"name":"In\u00edcio","item":"https:\/\/grupoteatrosdabarra.com.br\/"},{"@type":"ListItem","position":2,"name":"Loca\u00e7\u00e3o para eventos"}]},{"@type":"WebSite","@id":"https:\/\/grupoteatrosdabarra.com.br\/#website","url":"https:\/\/grupoteatrosdabarra.com.br\/","name":"Grupo TB - Teatros da Barra","description":"","publisher":{"@id":"https:\/\/grupoteatrosdabarra.com.br\/#organization"},"potentialAction":[{"@type":"SearchAction","target":{"@type":"EntryPoint","urlTemplate":"https:\/\/grupoteatrosdabarra.com.br\/?s={search_term_string}"},"query-input":"required name=search_term_string"}],"inLanguage":"pt-BR"},{"@type":"Organization","@id":"https:\/\/grupoteatrosdabarra.com.br\/#organization","name":"Grupo TB - Teatros da Barra","url":"https:\/\/grupoteatrosdabarra.com.br\/","logo":{"@type":"ImageObject","inLanguage":"pt-BR","@id":"https:\/\/grupoteatrosdabarra.com.br\/#\/schema\/logo\/image\/","url":"https:\/\/grupoteatrosdabarra.com.br\/wp-content\/uploads\/2022\/02\/marca_grupotb.png","contentUrl":"https:\/\/grupoteatrosdabarra.com.br\/wp-content\/uploads\/2022\/02\/marca_grupotb.png","width":921,"height":313,"caption":"Grupo TB - Teatros da Barra"},"image":{"@id":"https:\/\/grupoteatrosdabarra.com.br\/#\/schema\/logo\/image\/"}}]}},"_links":{"self":[{"href":"https:\/\/grupoteatrosdabarra.com.br\/index.php?rest_route=\/wp\/v2\/pages\/30","targetHints":{"allow":["GET"]}}],"collection":[{"href":"https:\/\/grupoteatrosdabarra.com.br\/index.php?rest_route=\/wp\/v2\/pages"}],"about":[{"href":"https:\/\/grupoteatrosdabarra.com.br\/index.php?rest_route=\/wp\/v2\/types\/page"}],"author":[{"embeddable":true,"href":"https:\/\/grupoteatrosdabarra.com.br\/index.php?rest_route=\/wp\/v2\/users\/1"}],"replies":[{"embeddable":true,"href":"https:\/\/grupoteatrosdabarra.com.br\/index.php?rest_route=%2Fwp%2Fv2%2Fcomments&post=30"}],"version-history":[{"count":10,"href":"https:\/\/grupoteatrosdabarra.com.br\/index.php?rest_route=\/wp\/v2\/pages\/30\/revisions"}],"predecessor-version":[{"id":1845,"href":"https:\/\/grupoteatrosdabarra.com.br\/index.php?rest_route=\/wp\/v2\/pages\/30\/revisions\/1845"}],"wp:attachment":[{"href":"https:\/\/grupoteatrosdabarra.com.br\/index.php?rest_route=%2Fwp%2Fv2%2Fmedia&parent=30"}],"curies":[{"name":"wp","href":"https:\/\/api.w.org\/{rel}","templated":true}]}}