{"id":26,"date":"2022-02-25T11:55:47","date_gmt":"2022-02-25T14:55:47","guid":{"rendered":"http:\/\/teatrosbarrapoint.com.br\/?page_id=26"},"modified":"2022-12-13T13:28:22","modified_gmt":"2022-12-13T16:28:22","slug":"contato","status":"publish","type":"page","link":"https:\/\/grupoteatrosdabarra.com.br\/?page_id=26","title":{"rendered":"Contato"},"content":{"rendered":"\t\t<div data-elementor-type=\"wp-page\" data-elementor-id=\"26\" class=\"elementor elementor-26\">\n\t\t\t\t\t\t<section class=\"elementor-section elementor-top-section elementor-element elementor-element-7674b93e elementor-section-boxed elementor-section-height-default elementor-section-height-default\" data-id=\"7674b93e\" data-element_type=\"section\" data-e-type=\"section\">\n\t\t\t\t\t\t<div class=\"elementor-container elementor-column-gap-default\">\n\t\t\t\t\t<div class=\"elementor-column elementor-col-100 elementor-top-column elementor-element elementor-element-6f3a365b\" data-id=\"6f3a365b\" data-element_type=\"column\" data-e-type=\"column\">\n\t\t\t<div class=\"elementor-widget-wrap elementor-element-populated\">\n\t\t\t\t\t\t<div class=\"elementor-element elementor-element-415a7dd elementor-widget elementor-widget-heading\" data-id=\"415a7dd\" data-element_type=\"widget\" data-e-type=\"widget\" data-widget_type=\"heading.default\">\n\t\t\t\t<div class=\"elementor-widget-container\">\n\t\t\t\t\t<h2 class=\"elementor-heading-title elementor-size-default\">Entre em contato conosco<\/h2>\t\t\t\t<\/div>\n\t\t\t\t<\/div>\n\t\t\t\t<div class=\"elementor-element elementor-element-e506515 elementor-widget elementor-widget-heading\" data-id=\"e506515\" data-element_type=\"widget\" data-e-type=\"widget\" data-widget_type=\"heading.default\">\n\t\t\t\t<div class=\"elementor-widget-container\">\n\t\t\t\t\t<h5 class=\"elementor-heading-title elementor-size-default\">Tire suas d\u00favidas, pe\u00e7a or\u00e7amento ou envie suas sugest\u00f5es<\/h5>\t\t\t\t<\/div>\n\t\t\t\t<\/div>\n\t\t\t\t\t<\/div>\n\t\t<\/div>\n\t\t\t\t\t<\/div>\n\t\t<\/section>\n\t\t\t\t<section class=\"elementor-section elementor-top-section elementor-element elementor-element-564b501 elementor-section-boxed elementor-section-height-default elementor-section-height-default\" data-id=\"564b501\" data-element_type=\"section\" data-e-type=\"section\">\n\t\t\t\t\t\t<div class=\"elementor-container elementor-column-gap-default\">\n\t\t\t\t\t<div class=\"elementor-column elementor-col-50 elementor-top-column elementor-element elementor-element-c79009a\" data-id=\"c79009a\" data-element_type=\"column\" data-e-type=\"column\">\n\t\t\t<div class=\"elementor-widget-wrap elementor-element-populated\">\n\t\t\t\t\t\t<div class=\"elementor-element elementor-element-0d23403 elementor-widget elementor-widget-text-editor\" data-id=\"0d23403\" data-element_type=\"widget\" data-e-type=\"widget\" data-widget_type=\"text-editor.default\">\n\t\t\t\t<div class=\"elementor-widget-container\">\n\t\t\t\t\t\t\t\t\t<strong>Canais de atendimento: <\/strong>\n\nE-mail: <span style=\"color: #0563c1;\"><u><a href=\"mailto:contato@grupoteatrosdabarra.com.br\">contato@grupoteatrosdabarra.com.br<\/a><\/u>\n<u><\/u><\/span>\n\n<a href=\"https:\/\/api.whatsapp.com\/send?phone=5521970383902\"><img decoding=\"async\" class=\"alignleft wp-image-443 size-full\" src=\"https:\/\/grupoteatrosdabarra.com.br\/wp-content\/uploads\/2022\/08\/WhatsApp-icone-3-1.png\" alt=\"\" width=\"30\" height=\"30\" \/>\u00a0 <\/a>\u00a0 <a href=\"https:\/\/www.facebook.com\/grupoteatrosdabarra\"><img decoding=\"async\" class=\"alignleft wp-image-348 size-full\" src=\"https:\/\/grupoteatrosdabarra.com.br\/wp-content\/uploads\/2022\/06\/logoFacebook.png\" alt=\"\" width=\"30\" height=\"30\" \/>\u00a0<\/a> \u00a0<a href=\"https:\/\/www.instagram.com\/grupoteatrosdabarra\/\"> <img decoding=\"async\" class=\"alignleft wp-image-347 size-full\" src=\"https:\/\/grupoteatrosdabarra.com.br\/wp-content\/uploads\/2022\/06\/logoInstagram.png\" alt=\"\" width=\"30\" height=\"30\" \/><\/a>\t\t\t\t\t\t\t\t<\/div>\n\t\t\t\t<\/div>\n\t\t\t\t\t<\/div>\n\t\t<\/div>\n\t\t\t\t<div class=\"elementor-column elementor-col-50 elementor-top-column elementor-element elementor-element-2cb4bd7\" data-id=\"2cb4bd7\" data-element_type=\"column\" data-e-type=\"column\">\n\t\t\t<div class=\"elementor-widget-wrap elementor-element-populated\">\n\t\t\t\t\t\t<div class=\"elementor-element elementor-element-27278e1 elementor-widget elementor-widget-html\" data-id=\"27278e1\" data-element_type=\"widget\" data-e-type=\"widget\" data-widget_type=\"html.default\">\n\t\t\t\t<div class=\"elementor-widget-container\">\n\t\t\t\t\t<div style=\"color:#ffffff;\">\n<div class=\"wpcf7 no-js\" id=\"wpcf7-f145-o1\" lang=\"pt-BR\" dir=\"ltr\">\n<div class=\"screen-reader-response\"><p role=\"status\" aria-live=\"polite\" aria-atomic=\"true\"><\/p> <ul><\/ul><\/div>\n<form action=\"\/index.php?rest_route=%2Fwp%2Fv2%2Fpages%2F26#wpcf7-f145-o1\" method=\"post\" class=\"wpcf7-form init\" aria-label=\"Formul\u00e1rios de contato\" novalidate=\"novalidate\" data-status=\"init\">\n<div style=\"display: none;\">\n<input type=\"hidden\" name=\"_wpcf7\" value=\"145\" \/>\n<input type=\"hidden\" name=\"_wpcf7_version\" value=\"5.8.5\" \/>\n<input type=\"hidden\" name=\"_wpcf7_locale\" value=\"pt_BR\" \/>\n<input type=\"hidden\" name=\"_wpcf7_unit_tag\" value=\"wpcf7-f145-o1\" \/>\n<input type=\"hidden\" name=\"_wpcf7_container_post\" value=\"0\" \/>\n<input type=\"hidden\" name=\"_wpcf7_posted_data_hash\" value=\"\" \/>\n<\/div>\n<p><label> Nome completo<br \/>\n<span class=\"wpcf7-form-control-wrap\" data-name=\"your-name\"><input size=\"40\" class=\"wpcf7-form-control wpcf7-text wpcf7-validates-as-required\" aria-required=\"true\" aria-invalid=\"false\" value=\"\" type=\"text\" name=\"your-name\" \/><\/span> <\/label>\n<\/p>\n<p><label> E-mail<br \/>\n<span class=\"wpcf7-form-control-wrap\" data-name=\"your-email\"><input size=\"40\" class=\"wpcf7-form-control wpcf7-email wpcf7-validates-as-required wpcf7-text wpcf7-validates-as-email\" aria-required=\"true\" aria-invalid=\"false\" value=\"\" type=\"email\" name=\"your-email\" \/><\/span> <\/label>\n<\/p>\n<lable>Telefone\/Whatsapp\n\t<p><span class=\"wpcf7-form-control-wrap\" data-name=\"TelefoneWhatsapp\"><input size=\"40\" class=\"wpcf7-form-control wpcf7-tel wpcf7-validates-as-required wpcf7-text wpcf7-validates-as-tel\" aria-required=\"true\" aria-invalid=\"false\" value=\"\" type=\"tel\" name=\"TelefoneWhatsapp\" \/><\/span>\n\t<\/p>\n\t<p><label> Assunto<br \/>\n<span class=\"wpcf7-form-control-wrap\" data-name=\"your-subject\"><input size=\"40\" class=\"wpcf7-form-control wpcf7-text wpcf7-validates-as-required\" aria-required=\"true\" aria-invalid=\"false\" value=\"\" type=\"text\" name=\"your-subject\" \/><\/span> <\/label>\n\t<\/p>\n\t<p><label> Mensagem<br \/>\n<span class=\"wpcf7-form-control-wrap\" data-name=\"your-message\"><textarea cols=\"40\" rows=\"10\" class=\"wpcf7-form-control wpcf7-textarea wpcf7-validates-as-required\" aria-required=\"true\" aria-invalid=\"false\" name=\"your-message\"><\/textarea><\/span> <\/label>\n\t<\/p>\n\t<p><input class=\"wpcf7-form-control wpcf7-submit has-spinner\" type=\"submit\" value=\"Enviar\" \/>\n\t<\/p>\n<\/lable><p style=\"display: none !important;\" class=\"akismet-fields-container\" data-prefix=\"_wpcf7_ak_\"><label>&#916;<textarea name=\"_wpcf7_ak_hp_textarea\" cols=\"45\" rows=\"8\" maxlength=\"100\"><\/textarea><\/label><input type=\"hidden\" id=\"ak_js_1\" name=\"_wpcf7_ak_js\" value=\"217\"\/><script>document.getElementById( \"ak_js_1\" ).setAttribute( \"value\", ( new Date() ).getTime() );<\/script><\/p><div class=\"wpcf7-response-output\" aria-hidden=\"true\"><\/div>\n<\/form>\n<\/div>\n<\/div>\t\t\t\t<\/div>\n\t\t\t\t<\/div>\n\t\t\t\t\t<\/div>\n\t\t<\/div>\n\t\t\t\t\t<\/div>\n\t\t<\/section>\n\t\t\t\t<\/div>\n\t\t","protected":false},"excerpt":{"rendered":"<p>Entre em contato conosco Tire suas d\u00favidas, pe\u00e7a or\u00e7amento ou envie suas sugest\u00f5es Canais de atendimento: E-mail: contato@grupoteatrosdabarra.com.br \u00a0 \u00a0 \u00a0 \u00a0<\/p>\n","protected":false},"author":1,"featured_media":0,"parent":0,"menu_order":0,"comment_status":"closed","ping_status":"closed","template":"","meta":{"footnotes":""},"class_list":["post-26","page","type-page","status-publish","hentry"],"yoast_head":"<!-- This site is optimized with the Yoast SEO plugin v21.7 - https:\/\/yoast.com\/wordpress\/plugins\/seo\/ -->\n<title>Contato - Grupo TB - Teatros da Barra<\/title>\n<meta name=\"robots\" content=\"index, follow, max-snippet:-1, max-image-preview:large, max-video-preview:-1\" \/>\n<link rel=\"canonical\" href=\"https:\/\/grupoteatrosdabarra.com.br\/?page_id=26\" \/>\n<meta property=\"og:locale\" content=\"pt_BR\" \/>\n<meta property=\"og:type\" content=\"article\" \/>\n<meta property=\"og:title\" content=\"Contato - Grupo TB - Teatros da Barra\" \/>\n<meta property=\"og:description\" content=\"Entre em contato conosco Tire suas d\u00favidas, pe\u00e7a or\u00e7amento ou envie suas sugest\u00f5es Canais de atendimento: E-mail: contato@grupoteatrosdabarra.com.br \u00a0 \u00a0 \u00a0 \u00a0\" \/>\n<meta property=\"og:url\" content=\"https:\/\/grupoteatrosdabarra.com.br\/?page_id=26\" \/>\n<meta property=\"og:site_name\" content=\"Grupo TB - Teatros da Barra\" \/>\n<meta property=\"article:modified_time\" content=\"2022-12-13T16:28:22+00:00\" \/>\n<meta property=\"og:image\" content=\"http:\/\/grupoteatrosdabarra.com.br\/wp-content\/uploads\/2022\/08\/WhatsApp-icone-3-1.png\" \/>\n<meta name=\"twitter:card\" content=\"summary_large_image\" \/>\n<meta name=\"twitter:label1\" content=\"Est. tempo de leitura\" \/>\n\t<meta name=\"twitter:data1\" content=\"1 minuto\" \/>\n<script type=\"application\/ld+json\" class=\"yoast-schema-graph\">{\"@context\":\"https:\/\/schema.org\",\"@graph\":[{\"@type\":\"WebPage\",\"@id\":\"https:\/\/grupoteatrosdabarra.com.br\/?page_id=26\",\"url\":\"https:\/\/grupoteatrosdabarra.com.br\/?page_id=26\",\"name\":\"Contato - Grupo TB - Teatros da Barra\",\"isPartOf\":{\"@id\":\"https:\/\/grupoteatrosdabarra.com.br\/#website\"},\"datePublished\":\"2022-02-25T14:55:47+00:00\",\"dateModified\":\"2022-12-13T16:28:22+00:00\",\"breadcrumb\":{\"@id\":\"https:\/\/grupoteatrosdabarra.com.br\/?page_id=26#breadcrumb\"},\"inLanguage\":\"pt-BR\",\"potentialAction\":[{\"@type\":\"ReadAction\",\"target\":[\"https:\/\/grupoteatrosdabarra.com.br\/?page_id=26\"]}]},{\"@type\":\"BreadcrumbList\",\"@id\":\"https:\/\/grupoteatrosdabarra.com.br\/?page_id=26#breadcrumb\",\"itemListElement\":[{\"@type\":\"ListItem\",\"position\":1,\"name\":\"In\u00edcio\",\"item\":\"https:\/\/grupoteatrosdabarra.com.br\/\"},{\"@type\":\"ListItem\",\"position\":2,\"name\":\"Contato\"}]},{\"@type\":\"WebSite\",\"@id\":\"https:\/\/grupoteatrosdabarra.com.br\/#website\",\"url\":\"https:\/\/grupoteatrosdabarra.com.br\/\",\"name\":\"Grupo TB - Teatros da Barra\",\"description\":\"\",\"publisher\":{\"@id\":\"https:\/\/grupoteatrosdabarra.com.br\/#organization\"},\"potentialAction\":[{\"@type\":\"SearchAction\",\"target\":{\"@type\":\"EntryPoint\",\"urlTemplate\":\"https:\/\/grupoteatrosdabarra.com.br\/?s={search_term_string}\"},\"query-input\":\"required name=search_term_string\"}],\"inLanguage\":\"pt-BR\"},{\"@type\":\"Organization\",\"@id\":\"https:\/\/grupoteatrosdabarra.com.br\/#organization\",\"name\":\"Grupo TB - Teatros da Barra\",\"url\":\"https:\/\/grupoteatrosdabarra.com.br\/\",\"logo\":{\"@type\":\"ImageObject\",\"inLanguage\":\"pt-BR\",\"@id\":\"https:\/\/grupoteatrosdabarra.com.br\/#\/schema\/logo\/image\/\",\"url\":\"https:\/\/grupoteatrosdabarra.com.br\/wp-content\/uploads\/2022\/02\/marca_grupotb.png\",\"contentUrl\":\"https:\/\/grupoteatrosdabarra.com.br\/wp-content\/uploads\/2022\/02\/marca_grupotb.png\",\"width\":921,\"height\":313,\"caption\":\"Grupo TB - Teatros da Barra\"},\"image\":{\"@id\":\"https:\/\/grupoteatrosdabarra.com.br\/#\/schema\/logo\/image\/\"}}]}<\/script>\n<!-- \/ Yoast SEO plugin. -->","yoast_head_json":{"title":"Contato - Grupo TB - Teatros da Barra","robots":{"index":"index","follow":"follow","max-snippet":"max-snippet:-1","max-image-preview":"max-image-preview:large","max-video-preview":"max-video-preview:-1"},"canonical":"https:\/\/grupoteatrosdabarra.com.br\/?page_id=26","og_locale":"pt_BR","og_type":"article","og_title":"Contato - Grupo TB - Teatros da Barra","og_description":"Entre em contato conosco Tire suas d\u00favidas, pe\u00e7a or\u00e7amento ou envie suas sugest\u00f5es Canais de atendimento: E-mail: contato@grupoteatrosdabarra.com.br \u00a0 \u00a0 \u00a0 \u00a0","og_url":"https:\/\/grupoteatrosdabarra.com.br\/?page_id=26","og_site_name":"Grupo TB - Teatros da Barra","article_modified_time":"2022-12-13T16:28:22+00:00","og_image":[{"url":"http:\/\/grupoteatrosdabarra.com.br\/wp-content\/uploads\/2022\/08\/WhatsApp-icone-3-1.png"}],"twitter_card":"summary_large_image","twitter_misc":{"Est. tempo de leitura":"1 minuto"},"schema":{"@context":"https:\/\/schema.org","@graph":[{"@type":"WebPage","@id":"https:\/\/grupoteatrosdabarra.com.br\/?page_id=26","url":"https:\/\/grupoteatrosdabarra.com.br\/?page_id=26","name":"Contato - Grupo TB - Teatros da Barra","isPartOf":{"@id":"https:\/\/grupoteatrosdabarra.com.br\/#website"},"datePublished":"2022-02-25T14:55:47+00:00","dateModified":"2022-12-13T16:28:22+00:00","breadcrumb":{"@id":"https:\/\/grupoteatrosdabarra.com.br\/?page_id=26#breadcrumb"},"inLanguage":"pt-BR","potentialAction":[{"@type":"ReadAction","target":["https:\/\/grupoteatrosdabarra.com.br\/?page_id=26"]}]},{"@type":"BreadcrumbList","@id":"https:\/\/grupoteatrosdabarra.com.br\/?page_id=26#breadcrumb","itemListElement":[{"@type":"ListItem","position":1,"name":"In\u00edcio","item":"https:\/\/grupoteatrosdabarra.com.br\/"},{"@type":"ListItem","position":2,"name":"Contato"}]},{"@type":"WebSite","@id":"https:\/\/grupoteatrosdabarra.com.br\/#website","url":"https:\/\/grupoteatrosdabarra.com.br\/","name":"Grupo TB - Teatros da Barra","description":"","publisher":{"@id":"https:\/\/grupoteatrosdabarra.com.br\/#organization"},"potentialAction":[{"@type":"SearchAction","target":{"@type":"EntryPoint","urlTemplate":"https:\/\/grupoteatrosdabarra.com.br\/?s={search_term_string}"},"query-input":"required name=search_term_string"}],"inLanguage":"pt-BR"},{"@type":"Organization","@id":"https:\/\/grupoteatrosdabarra.com.br\/#organization","name":"Grupo TB - Teatros da Barra","url":"https:\/\/grupoteatrosdabarra.com.br\/","logo":{"@type":"ImageObject","inLanguage":"pt-BR","@id":"https:\/\/grupoteatrosdabarra.com.br\/#\/schema\/logo\/image\/","url":"https:\/\/grupoteatrosdabarra.com.br\/wp-content\/uploads\/2022\/02\/marca_grupotb.png","contentUrl":"https:\/\/grupoteatrosdabarra.com.br\/wp-content\/uploads\/2022\/02\/marca_grupotb.png","width":921,"height":313,"caption":"Grupo TB - Teatros da Barra"},"image":{"@id":"https:\/\/grupoteatrosdabarra.com.br\/#\/schema\/logo\/image\/"}}]}},"_links":{"self":[{"href":"https:\/\/grupoteatrosdabarra.com.br\/index.php?rest_route=\/wp\/v2\/pages\/26","targetHints":{"allow":["GET"]}}],"collection":[{"href":"https:\/\/grupoteatrosdabarra.com.br\/index.php?rest_route=\/wp\/v2\/pages"}],"about":[{"href":"https:\/\/grupoteatrosdabarra.com.br\/index.php?rest_route=\/wp\/v2\/types\/page"}],"author":[{"embeddable":true,"href":"https:\/\/grupoteatrosdabarra.com.br\/index.php?rest_route=\/wp\/v2\/users\/1"}],"replies":[{"embeddable":true,"href":"https:\/\/grupoteatrosdabarra.com.br\/index.php?rest_route=%2Fwp%2Fv2%2Fcomments&post=26"}],"version-history":[{"count":29,"href":"https:\/\/grupoteatrosdabarra.com.br\/index.php?rest_route=\/wp\/v2\/pages\/26\/revisions"}],"predecessor-version":[{"id":1226,"href":"https:\/\/grupoteatrosdabarra.com.br\/index.php?rest_route=\/wp\/v2\/pages\/26\/revisions\/1226"}],"wp:attachment":[{"href":"https:\/\/grupoteatrosdabarra.com.br\/index.php?rest_route=%2Fwp%2Fv2%2Fmedia&parent=26"}],"curies":[{"name":"wp","href":"https:\/\/api.w.org\/{rel}","templated":true}]}}