{"id":25,"date":"2022-02-25T11:55:47","date_gmt":"2022-02-25T14:55:47","guid":{"rendered":"http:\/\/teatrosbarrapoint.com.br\/?page_id=25"},"modified":"2022-10-13T16:00:29","modified_gmt":"2022-10-13T19:00:29","slug":"sobre","status":"publish","type":"page","link":"https:\/\/grupoteatrosdabarra.com.br\/?page_id=25","title":{"rendered":"Grupo TB &#8211; Teatros da Barra"},"content":{"rendered":"\t\t<div data-elementor-type=\"wp-page\" data-elementor-id=\"25\" class=\"elementor elementor-25\">\n\t\t\t\t\t\t<section class=\"elementor-section elementor-top-section elementor-element elementor-element-210db34 elementor-section-full_width elementor-section-stretched elementor-section-height-default elementor-section-height-default\" data-id=\"210db34\" data-element_type=\"section\" data-e-type=\"section\" data-settings=\"{&quot;stretch_section&quot;:&quot;section-stretched&quot;}\">\n\t\t\t\t\t\t<div class=\"elementor-container elementor-column-gap-default\">\n\t\t\t\t\t<div class=\"elementor-column elementor-col-100 elementor-top-column elementor-element elementor-element-3f71864\" data-id=\"3f71864\" data-element_type=\"column\" data-e-type=\"column\">\n\t\t\t<div class=\"elementor-widget-wrap elementor-element-populated\">\n\t\t\t\t\t\t<div class=\"elementor-element elementor-element-aa00236 elementor-widget elementor-widget-image\" data-id=\"aa00236\" data-element_type=\"widget\" data-e-type=\"widget\" data-widget_type=\"image.default\">\n\t\t\t\t<div class=\"elementor-widget-container\">\n\t\t\t\t\t\t\t\t\t\t\t\t\t\t\t<img fetchpriority=\"high\" decoding=\"async\" width=\"1920\" height=\"500\" src=\"https:\/\/grupoteatrosdabarra.com.br\/wp-content\/uploads\/2022\/04\/sobreBanner-2.jpg\" class=\"attachment-full size-full wp-image-171\" alt=\"\" srcset=\"https:\/\/grupoteatrosdabarra.com.br\/wp-content\/uploads\/2022\/04\/sobreBanner-2.jpg 1920w, https:\/\/grupoteatrosdabarra.com.br\/wp-content\/uploads\/2022\/04\/sobreBanner-2-300x78.jpg 300w, https:\/\/grupoteatrosdabarra.com.br\/wp-content\/uploads\/2022\/04\/sobreBanner-2-1024x267.jpg 1024w, https:\/\/grupoteatrosdabarra.com.br\/wp-content\/uploads\/2022\/04\/sobreBanner-2-768x200.jpg 768w, https:\/\/grupoteatrosdabarra.com.br\/wp-content\/uploads\/2022\/04\/sobreBanner-2-1536x400.jpg 1536w, https:\/\/grupoteatrosdabarra.com.br\/wp-content\/uploads\/2022\/04\/sobreBanner-2-1200x313.jpg 1200w\" sizes=\"(max-width: 1920px) 100vw, 1920px\" \/>\t\t\t\t\t\t\t\t\t\t\t\t\t\t\t<\/div>\n\t\t\t\t<\/div>\n\t\t\t\t\t<\/div>\n\t\t<\/div>\n\t\t\t\t\t<\/div>\n\t\t<\/section>\n\t\t\t\t<section class=\"elementor-section elementor-top-section elementor-element elementor-element-c446e4d elementor-section-boxed elementor-section-height-default elementor-section-height-default\" data-id=\"c446e4d\" data-element_type=\"section\" data-e-type=\"section\">\n\t\t\t\t\t\t<div class=\"elementor-container elementor-column-gap-default\">\n\t\t\t\t\t<div class=\"elementor-column elementor-col-33 elementor-top-column elementor-element elementor-element-f3b23f5\" data-id=\"f3b23f5\" data-element_type=\"column\" data-e-type=\"column\">\n\t\t\t<div class=\"elementor-widget-wrap elementor-element-populated\">\n\t\t\t\t\t\t<div class=\"elementor-element elementor-element-e8c12e9 elementor-widget elementor-widget-image\" data-id=\"e8c12e9\" data-element_type=\"widget\" data-e-type=\"widget\" data-widget_type=\"image.default\">\n\t\t\t\t<div class=\"elementor-widget-container\">\n\t\t\t\t\t\t\t\t\t\t\t\t\t\t\t<img decoding=\"async\" width=\"580\" height=\"211\" src=\"https:\/\/grupoteatrosdabarra.com.br\/wp-content\/uploads\/2022\/08\/marca_grupotb_02-4-1024x373.png\" class=\"attachment-large size-large wp-image-463\" alt=\"\" srcset=\"https:\/\/grupoteatrosdabarra.com.br\/wp-content\/uploads\/2022\/08\/marca_grupotb_02-4-1024x373.png 1024w, https:\/\/grupoteatrosdabarra.com.br\/wp-content\/uploads\/2022\/08\/marca_grupotb_02-4-300x109.png 300w, https:\/\/grupoteatrosdabarra.com.br\/wp-content\/uploads\/2022\/08\/marca_grupotb_02-4-768x279.png 768w, https:\/\/grupoteatrosdabarra.com.br\/wp-content\/uploads\/2022\/08\/marca_grupotb_02-4.png 1116w\" sizes=\"(max-width: 580px) 100vw, 580px\" \/>\t\t\t\t\t\t\t\t\t\t\t\t\t\t\t<\/div>\n\t\t\t\t<\/div>\n\t\t\t\t\t<\/div>\n\t\t<\/div>\n\t\t\t\t<div class=\"elementor-column elementor-col-33 elementor-top-column elementor-element elementor-element-526d98c\" data-id=\"526d98c\" data-element_type=\"column\" data-e-type=\"column\">\n\t\t\t<div class=\"elementor-widget-wrap elementor-element-populated\">\n\t\t\t\t\t\t<div class=\"elementor-element elementor-element-62ba67a elementor-widget elementor-widget-image\" data-id=\"62ba67a\" data-element_type=\"widget\" data-e-type=\"widget\" data-widget_type=\"image.default\">\n\t\t\t\t<div class=\"elementor-widget-container\">\n\t\t\t\t\t\t\t\t\t\t\t\t\t\t\t<img decoding=\"async\" width=\"580\" height=\"337\" src=\"https:\/\/grupoteatrosdabarra.com.br\/wp-content\/uploads\/2022\/08\/marca_grupotb_02-3.png\" class=\"attachment-large size-large wp-image-465\" alt=\"\" srcset=\"https:\/\/grupoteatrosdabarra.com.br\/wp-content\/uploads\/2022\/08\/marca_grupotb_02-3.png 813w, https:\/\/grupoteatrosdabarra.com.br\/wp-content\/uploads\/2022\/08\/marca_grupotb_02-3-300x175.png 300w, https:\/\/grupoteatrosdabarra.com.br\/wp-content\/uploads\/2022\/08\/marca_grupotb_02-3-768x447.png 768w\" sizes=\"(max-width: 580px) 100vw, 580px\" \/>\t\t\t\t\t\t\t\t\t\t\t\t\t\t\t<\/div>\n\t\t\t\t<\/div>\n\t\t\t\t\t<\/div>\n\t\t<\/div>\n\t\t\t\t<div class=\"elementor-column elementor-col-33 elementor-top-column elementor-element elementor-element-452be5c\" data-id=\"452be5c\" data-element_type=\"column\" data-e-type=\"column\">\n\t\t\t<div class=\"elementor-widget-wrap elementor-element-populated\">\n\t\t\t\t\t\t<div class=\"elementor-element elementor-element-fc2c8a1 elementor-widget elementor-widget-image\" data-id=\"fc2c8a1\" data-element_type=\"widget\" data-e-type=\"widget\" data-widget_type=\"image.default\">\n\t\t\t\t<div class=\"elementor-widget-container\">\n\t\t\t\t\t\t\t\t\t\t\t\t\t\t\t<img loading=\"lazy\" decoding=\"async\" width=\"580\" height=\"206\" src=\"https:\/\/grupoteatrosdabarra.com.br\/wp-content\/uploads\/2022\/08\/marca_grupotb_02-2.png\" class=\"attachment-large size-large wp-image-464\" alt=\"\" srcset=\"https:\/\/grupoteatrosdabarra.com.br\/wp-content\/uploads\/2022\/08\/marca_grupotb_02-2.png 925w, https:\/\/grupoteatrosdabarra.com.br\/wp-content\/uploads\/2022\/08\/marca_grupotb_02-2-300x107.png 300w, https:\/\/grupoteatrosdabarra.com.br\/wp-content\/uploads\/2022\/08\/marca_grupotb_02-2-768x273.png 768w\" sizes=\"(max-width: 580px) 100vw, 580px\" \/>\t\t\t\t\t\t\t\t\t\t\t\t\t\t\t<\/div>\n\t\t\t\t<\/div>\n\t\t\t\t\t<\/div>\n\t\t<\/div>\n\t\t\t\t\t<\/div>\n\t\t<\/section>\n\t\t\t\t<section class=\"elementor-section elementor-top-section elementor-element elementor-element-dbe195a elementor-section-boxed elementor-section-height-default elementor-section-height-default\" data-id=\"dbe195a\" data-element_type=\"section\" data-e-type=\"section\">\n\t\t\t\t\t\t<div class=\"elementor-container elementor-column-gap-default\">\n\t\t\t\t\t<div class=\"elementor-column elementor-col-100 elementor-top-column elementor-element elementor-element-16bb1422\" data-id=\"16bb1422\" data-element_type=\"column\" data-e-type=\"column\">\n\t\t\t<div class=\"elementor-widget-wrap elementor-element-populated\">\n\t\t\t\t\t\t<section class=\"elementor-section elementor-inner-section elementor-element elementor-element-7947490 elementor-section-boxed elementor-section-height-default elementor-section-height-default\" data-id=\"7947490\" data-element_type=\"section\" data-e-type=\"section\">\n\t\t\t\t\t\t<div class=\"elementor-container elementor-column-gap-default\">\n\t\t\t\t\t<div class=\"elementor-column elementor-col-50 elementor-inner-column elementor-element elementor-element-038fce7\" data-id=\"038fce7\" data-element_type=\"column\" data-e-type=\"column\">\n\t\t\t<div class=\"elementor-widget-wrap elementor-element-populated\">\n\t\t\t\t\t\t<div class=\"elementor-element elementor-element-5be9365c elementor-widget elementor-widget-text-editor\" data-id=\"5be9365c\" data-element_type=\"widget\" data-e-type=\"widget\" data-widget_type=\"text-editor.default\">\n\t\t\t\t<div class=\"elementor-widget-container\">\n\t\t\t\t\t\t\t\t\t<p><\/p>\n<p><b>Um Polo Centralizado De Cultura E Divers\u00e3o Com Tr\u00eas Espa\u00e7os Diversificados No BarraPoint Shopping.<\/b><\/p>\n<p><\/p>\n<ul class=\"wp-block-list\">\n<li>Provoca\u00e7\u00f5es (capacidade 60 Lugares)<\/li>\n<li>Cine-Teatro (capacidade 150 Lugares)<\/li>\n<li>Del\u00b4Art (capacidade 170 lugares)<\/li>\n<\/ul>\n<p>O Grupo Teatros da Barra possui tr\u00eas espa\u00e7os de artes integradas localizado no BarraPoint Shopping, cora\u00e7\u00e3o da Barra da Tijuca, criado com o objetivo de oferecer entretenimento e cultura atrav\u00e9s de espet\u00e1culos teatrais, cursos de forma\u00e7\u00e3o livre e de capacita\u00e7\u00e3o profissional, saraus, feiras culturais, workshops, festivais, palestras e eventos em geral.<\/p>\n<p>Nossa finalidade \u00e9 divulgar, promover e incentivar a cultura em geral. Acreditamos na potencialidade transformadora da arte, que nos faz refletir e agu\u00e7ar nossos sentidos para uma nova vis\u00e3o do mundo.<\/p>\n<p>Excelente localiza\u00e7\u00e3o no 3\u00ba piso do BarraPoint Shopping, com f\u00e1cil acesso: pr\u00f3ximo ao Terminal do BRT e Esta\u00e7\u00e3o do Metr\u00f4 Jardim Oce\u00e2nico.5<\/p>\n<p><\/p>\n<p><\/p>\t\t\t\t\t\t\t\t<\/div>\n\t\t\t\t<\/div>\n\t\t\t\t\t<\/div>\n\t\t<\/div>\n\t\t\t\t<div class=\"elementor-column elementor-col-50 elementor-inner-column elementor-element elementor-element-158786d\" data-id=\"158786d\" data-element_type=\"column\" data-e-type=\"column\">\n\t\t\t<div class=\"elementor-widget-wrap elementor-element-populated\">\n\t\t\t\t\t\t<div class=\"elementor-element elementor-element-31b9d9e elementor-widget elementor-widget-google_maps\" data-id=\"31b9d9e\" data-element_type=\"widget\" data-e-type=\"widget\" data-widget_type=\"google_maps.default\">\n\t\t\t\t<div class=\"elementor-widget-container\">\n\t\t\t\t\t\t\t<div class=\"elementor-custom-embed\">\n\t\t\t<iframe loading=\"lazy\"\n\t\t\t\t\tsrc=\"https:\/\/maps.google.com\/maps?q=Grupo%20Teatros%20da%20Barra&#038;t=m&#038;z=16&#038;output=embed&#038;iwloc=near\"\n\t\t\t\t\ttitle=\"Grupo Teatros da Barra\"\n\t\t\t\t\taria-label=\"Grupo Teatros da Barra\"\n\t\t\t><\/iframe>\n\t\t<\/div>\n\t\t\t\t\t\t<\/div>\n\t\t\t\t<\/div>\n\t\t\t\t<div class=\"elementor-element elementor-element-035b3fa elementor-widget elementor-widget-text-editor\" data-id=\"035b3fa\" data-element_type=\"widget\" data-e-type=\"widget\" data-widget_type=\"text-editor.default\">\n\t\t\t\t<div class=\"elementor-widget-container\">\n\t\t\t\t\t\t\t\t\t<p><strong>Como chegar no Grupo Teatros da Barra (BarraPoint Shopping):<\/strong><br \/>Metr\u00f4 Rio \u2013 Linha 4 \u2013 Descer na Esta\u00e7\u00e3o Jardim Oce\u00e2nico \u2013 Sa\u00edda A (Lagoa)<br \/>BRT \u2013 Descer na Esta\u00e7\u00e3o Jardim Oce\u00e2nico<\/p>\t\t\t\t\t\t\t\t<\/div>\n\t\t\t\t<\/div>\n\t\t\t\t\t<\/div>\n\t\t<\/div>\n\t\t\t\t\t<\/div>\n\t\t<\/section>\n\t\t\t\t\t<\/div>\n\t\t<\/div>\n\t\t\t\t\t<\/div>\n\t\t<\/section>\n\t\t\t\t<\/div>\n\t\t","protected":false},"excerpt":{"rendered":"<p>Um Polo Centralizado De Cultura E Divers\u00e3o Com Tr\u00eas Espa\u00e7os Diversificados No BarraPoint Shopping. Provoca\u00e7\u00f5es (capacidade 60 Lugares) Cine-Teatro (capacidade 150 Lugares) Del\u00b4Art (capacidade 170 lugares) O Grupo Teatros da Barra possui tr\u00eas espa\u00e7os de artes integradas localizado no BarraPoint Shopping, cora\u00e7\u00e3o da Barra da Tijuca, criado com o objetivo de oferecer entretenimento e cultura [&hellip;]<\/p>\n","protected":false},"author":1,"featured_media":0,"parent":0,"menu_order":0,"comment_status":"closed","ping_status":"closed","template":"elementor_header_footer","meta":{"footnotes":""},"class_list":["post-25","page","type-page","status-publish","hentry"],"yoast_head":"<!-- This site is optimized with the Yoast SEO plugin v21.7 - https:\/\/yoast.com\/wordpress\/plugins\/seo\/ -->\n<title>Grupo TB - Teatros da Barra - Grupo TB - Teatros da Barra<\/title>\n<meta name=\"robots\" content=\"index, follow, max-snippet:-1, max-image-preview:large, max-video-preview:-1\" \/>\n<link rel=\"canonical\" href=\"https:\/\/grupoteatrosdabarra.com.br\/?page_id=25\" \/>\n<meta property=\"og:locale\" content=\"pt_BR\" \/>\n<meta property=\"og:type\" content=\"article\" \/>\n<meta property=\"og:title\" content=\"Grupo TB - Teatros da Barra - Grupo TB - Teatros da Barra\" \/>\n<meta property=\"og:description\" content=\"Um Polo Centralizado De Cultura E Divers\u00e3o Com Tr\u00eas Espa\u00e7os Diversificados No BarraPoint Shopping. Provoca\u00e7\u00f5es (capacidade 60 Lugares) Cine-Teatro (capacidade 150 Lugares) Del\u00b4Art (capacidade 170 lugares) O Grupo Teatros da Barra possui tr\u00eas espa\u00e7os de artes integradas localizado no BarraPoint Shopping, cora\u00e7\u00e3o da Barra da Tijuca, criado com o objetivo de oferecer entretenimento e cultura [&hellip;]\" \/>\n<meta property=\"og:url\" content=\"https:\/\/grupoteatrosdabarra.com.br\/?page_id=25\" \/>\n<meta property=\"og:site_name\" content=\"Grupo TB - Teatros da Barra\" \/>\n<meta property=\"article:modified_time\" content=\"2022-10-13T19:00:29+00:00\" \/>\n<meta property=\"og:image\" content=\"http:\/\/grupoteatrosdabarra.com.br\/wp-content\/uploads\/2022\/04\/sobreBanner-2.jpg\" \/>\n<meta name=\"twitter:card\" content=\"summary_large_image\" \/>\n<meta name=\"twitter:label1\" content=\"Est. tempo de leitura\" \/>\n\t<meta name=\"twitter:data1\" content=\"2 minutos\" \/>\n<script type=\"application\/ld+json\" class=\"yoast-schema-graph\">{\"@context\":\"https:\/\/schema.org\",\"@graph\":[{\"@type\":\"WebPage\",\"@id\":\"https:\/\/grupoteatrosdabarra.com.br\/?page_id=25\",\"url\":\"https:\/\/grupoteatrosdabarra.com.br\/?page_id=25\",\"name\":\"Grupo TB - Teatros da Barra - Grupo TB - Teatros da Barra\",\"isPartOf\":{\"@id\":\"https:\/\/grupoteatrosdabarra.com.br\/#website\"},\"datePublished\":\"2022-02-25T14:55:47+00:00\",\"dateModified\":\"2022-10-13T19:00:29+00:00\",\"breadcrumb\":{\"@id\":\"https:\/\/grupoteatrosdabarra.com.br\/?page_id=25#breadcrumb\"},\"inLanguage\":\"pt-BR\",\"potentialAction\":[{\"@type\":\"ReadAction\",\"target\":[\"https:\/\/grupoteatrosdabarra.com.br\/?page_id=25\"]}]},{\"@type\":\"BreadcrumbList\",\"@id\":\"https:\/\/grupoteatrosdabarra.com.br\/?page_id=25#breadcrumb\",\"itemListElement\":[{\"@type\":\"ListItem\",\"position\":1,\"name\":\"In\u00edcio\",\"item\":\"https:\/\/grupoteatrosdabarra.com.br\/\"},{\"@type\":\"ListItem\",\"position\":2,\"name\":\"Grupo TB &#8211; Teatros da Barra\"}]},{\"@type\":\"WebSite\",\"@id\":\"https:\/\/grupoteatrosdabarra.com.br\/#website\",\"url\":\"https:\/\/grupoteatrosdabarra.com.br\/\",\"name\":\"Grupo TB - Teatros da Barra\",\"description\":\"\",\"publisher\":{\"@id\":\"https:\/\/grupoteatrosdabarra.com.br\/#organization\"},\"potentialAction\":[{\"@type\":\"SearchAction\",\"target\":{\"@type\":\"EntryPoint\",\"urlTemplate\":\"https:\/\/grupoteatrosdabarra.com.br\/?s={search_term_string}\"},\"query-input\":\"required name=search_term_string\"}],\"inLanguage\":\"pt-BR\"},{\"@type\":\"Organization\",\"@id\":\"https:\/\/grupoteatrosdabarra.com.br\/#organization\",\"name\":\"Grupo TB - Teatros da Barra\",\"url\":\"https:\/\/grupoteatrosdabarra.com.br\/\",\"logo\":{\"@type\":\"ImageObject\",\"inLanguage\":\"pt-BR\",\"@id\":\"https:\/\/grupoteatrosdabarra.com.br\/#\/schema\/logo\/image\/\",\"url\":\"https:\/\/grupoteatrosdabarra.com.br\/wp-content\/uploads\/2022\/02\/marca_grupotb.png\",\"contentUrl\":\"https:\/\/grupoteatrosdabarra.com.br\/wp-content\/uploads\/2022\/02\/marca_grupotb.png\",\"width\":921,\"height\":313,\"caption\":\"Grupo TB - Teatros da Barra\"},\"image\":{\"@id\":\"https:\/\/grupoteatrosdabarra.com.br\/#\/schema\/logo\/image\/\"}}]}<\/script>\n<!-- \/ Yoast SEO plugin. -->","yoast_head_json":{"title":"Grupo TB - Teatros da Barra - Grupo TB - Teatros da Barra","robots":{"index":"index","follow":"follow","max-snippet":"max-snippet:-1","max-image-preview":"max-image-preview:large","max-video-preview":"max-video-preview:-1"},"canonical":"https:\/\/grupoteatrosdabarra.com.br\/?page_id=25","og_locale":"pt_BR","og_type":"article","og_title":"Grupo TB - Teatros da Barra - Grupo TB - Teatros da Barra","og_description":"Um Polo Centralizado De Cultura E Divers\u00e3o Com Tr\u00eas Espa\u00e7os Diversificados No BarraPoint Shopping. Provoca\u00e7\u00f5es (capacidade 60 Lugares) Cine-Teatro (capacidade 150 Lugares) Del\u00b4Art (capacidade 170 lugares) O Grupo Teatros da Barra possui tr\u00eas espa\u00e7os de artes integradas localizado no BarraPoint Shopping, cora\u00e7\u00e3o da Barra da Tijuca, criado com o objetivo de oferecer entretenimento e cultura [&hellip;]","og_url":"https:\/\/grupoteatrosdabarra.com.br\/?page_id=25","og_site_name":"Grupo TB - Teatros da Barra","article_modified_time":"2022-10-13T19:00:29+00:00","og_image":[{"url":"http:\/\/grupoteatrosdabarra.com.br\/wp-content\/uploads\/2022\/04\/sobreBanner-2.jpg"}],"twitter_card":"summary_large_image","twitter_misc":{"Est. tempo de leitura":"2 minutos"},"schema":{"@context":"https:\/\/schema.org","@graph":[{"@type":"WebPage","@id":"https:\/\/grupoteatrosdabarra.com.br\/?page_id=25","url":"https:\/\/grupoteatrosdabarra.com.br\/?page_id=25","name":"Grupo TB - Teatros da Barra - Grupo TB - Teatros da Barra","isPartOf":{"@id":"https:\/\/grupoteatrosdabarra.com.br\/#website"},"datePublished":"2022-02-25T14:55:47+00:00","dateModified":"2022-10-13T19:00:29+00:00","breadcrumb":{"@id":"https:\/\/grupoteatrosdabarra.com.br\/?page_id=25#breadcrumb"},"inLanguage":"pt-BR","potentialAction":[{"@type":"ReadAction","target":["https:\/\/grupoteatrosdabarra.com.br\/?page_id=25"]}]},{"@type":"BreadcrumbList","@id":"https:\/\/grupoteatrosdabarra.com.br\/?page_id=25#breadcrumb","itemListElement":[{"@type":"ListItem","position":1,"name":"In\u00edcio","item":"https:\/\/grupoteatrosdabarra.com.br\/"},{"@type":"ListItem","position":2,"name":"Grupo TB &#8211; Teatros da Barra"}]},{"@type":"WebSite","@id":"https:\/\/grupoteatrosdabarra.com.br\/#website","url":"https:\/\/grupoteatrosdabarra.com.br\/","name":"Grupo TB - Teatros da Barra","description":"","publisher":{"@id":"https:\/\/grupoteatrosdabarra.com.br\/#organization"},"potentialAction":[{"@type":"SearchAction","target":{"@type":"EntryPoint","urlTemplate":"https:\/\/grupoteatrosdabarra.com.br\/?s={search_term_string}"},"query-input":"required name=search_term_string"}],"inLanguage":"pt-BR"},{"@type":"Organization","@id":"https:\/\/grupoteatrosdabarra.com.br\/#organization","name":"Grupo TB - Teatros da Barra","url":"https:\/\/grupoteatrosdabarra.com.br\/","logo":{"@type":"ImageObject","inLanguage":"pt-BR","@id":"https:\/\/grupoteatrosdabarra.com.br\/#\/schema\/logo\/image\/","url":"https:\/\/grupoteatrosdabarra.com.br\/wp-content\/uploads\/2022\/02\/marca_grupotb.png","contentUrl":"https:\/\/grupoteatrosdabarra.com.br\/wp-content\/uploads\/2022\/02\/marca_grupotb.png","width":921,"height":313,"caption":"Grupo TB - Teatros da Barra"},"image":{"@id":"https:\/\/grupoteatrosdabarra.com.br\/#\/schema\/logo\/image\/"}}]}},"_links":{"self":[{"href":"https:\/\/grupoteatrosdabarra.com.br\/index.php?rest_route=\/wp\/v2\/pages\/25","targetHints":{"allow":["GET"]}}],"collection":[{"href":"https:\/\/grupoteatrosdabarra.com.br\/index.php?rest_route=\/wp\/v2\/pages"}],"about":[{"href":"https:\/\/grupoteatrosdabarra.com.br\/index.php?rest_route=\/wp\/v2\/types\/page"}],"author":[{"embeddable":true,"href":"https:\/\/grupoteatrosdabarra.com.br\/index.php?rest_route=\/wp\/v2\/users\/1"}],"replies":[{"embeddable":true,"href":"https:\/\/grupoteatrosdabarra.com.br\/index.php?rest_route=%2Fwp%2Fv2%2Fcomments&post=25"}],"version-history":[{"count":65,"href":"https:\/\/grupoteatrosdabarra.com.br\/index.php?rest_route=\/wp\/v2\/pages\/25\/revisions"}],"predecessor-version":[{"id":840,"href":"https:\/\/grupoteatrosdabarra.com.br\/index.php?rest_route=\/wp\/v2\/pages\/25\/revisions\/840"}],"wp:attachment":[{"href":"https:\/\/grupoteatrosdabarra.com.br\/index.php?rest_route=%2Fwp%2Fv2%2Fmedia&parent=25"}],"curies":[{"name":"wp","href":"https:\/\/api.w.org\/{rel}","templated":true}]}}